{"id":932,"date":"2018-04-25T14:21:54","date_gmt":"2018-04-25T12:21:54","guid":{"rendered":"http:\/\/warndtdom.de\/?page_id=932"},"modified":"2018-04-25T14:21:54","modified_gmt":"2018-04-25T12:21:54","slug":"bischof-wilhelm-arnoldi","status":"publish","type":"page","link":"http:\/\/warndtdom.de\/?page_id=932","title":{"rendered":"Bischof Wilhelm Arnoldi"},"content":{"rendered":"<p><img loading=\"lazy\" decoding=\"async\" class=\"size-full wp-image-933 alignleft\" src=\"http:\/\/warndtdom.de\/wp-content\/uploads\/Bischof-Wilhelm.jpg\" alt=\"\" width=\"103\" height=\"123\"\/>Wilhelm Arnoldi , Bischof von Trier, geb. 4. Jan. 1798 zu Badem bei Bitburg in der Eifel, besuchte das Priesterseminar in Trier, empfing 1821 die Priesterweihe und erhielt bald darauf eine Professur der&nbsp; orientalischen Sprachen und der geistlichen Beredsamkeit am&nbsp; Priesterseminar zu Trier, die er jedoch 1826 mit der Pfarrei zu Laufeld in der Eifel vertauschte, von wo er 1831 als Stadtpfarrer nach Wittlich, 1834 als Domprediger und Domkapitular nach Trier berufen wurde.<\/p>\n<p>Seiner Wahl zum Bischof 1839 verweigerte die Regierung die Best\u00e4tigung, weil W. Arnoldi in der Frage der Mischehen als Gegner derselben aufgetreten war, und genehmigte erst unter Friedrich Wilhelm IV. eine zweite Wahl 1842. Am 18. Sept. 1842 geweiht und inthronisiert zeigte er sich streng kirchlich, beg\u00fcnstigte die Stiftung von Kl\u00f6stern und stellte die Disziplin des Klerus wieder her. Gro\u00dfes Aufsehen erregte die von ihm 1844 veranstaltete Ausstellung des ungen\u00e4hten Rockes Christi, welche den Anlass zur deutsch-katholischen Bewegung gab. Indes handelte Bischof W. Arnoldi dabei ohne Nebenabsichten aus rein religi\u00f6sen Motiven, wie er denn ein argloses, reines Gem\u00fct besa\u00df. F\u00fcr kirchliche Kunst zeigte er hohes Interesse. Bischof Wilhelm Arnoldi starb am 7. Jan.<br \/>\n1864.<\/p>\n","protected":false},"excerpt":{"rendered":"<p>Wilhelm Arnoldi , Bischof von Trier, geb. 4. Jan. 1798 zu Badem bei Bitburg in der Eifel, besuchte das Priesterseminar in Trier, empfing 1821 die Priesterweihe und erhielt bald darauf eine Professur der&nbsp; orientalischen Sprachen und der geistlichen Beredsamkeit am&nbsp; &hellip; <a href=\"http:\/\/warndtdom.de\/?page_id=932\">Weiterlesen <span class=\"meta-nav\">&rarr;<\/span><\/a><\/p>\n","protected":false},"author":1,"featured_media":0,"parent":0,"menu_order":0,"comment_status":"closed","ping_status":"closed","template":"","meta":{"ngg_post_thumbnail":0,"footnotes":""},"class_list":["post-932","page","type-page","status-publish","hentry"],"_links":{"self":[{"href":"http:\/\/warndtdom.de\/index.php?rest_route=\/wp\/v2\/pages\/932","targetHints":{"allow":["GET"]}}],"collection":[{"href":"http:\/\/warndtdom.de\/index.php?rest_route=\/wp\/v2\/pages"}],"about":[{"href":"http:\/\/warndtdom.de\/index.php?rest_route=\/wp\/v2\/types\/page"}],"author":[{"embeddable":true,"href":"http:\/\/warndtdom.de\/index.php?rest_route=\/wp\/v2\/users\/1"}],"replies":[{"embeddable":true,"href":"http:\/\/warndtdom.de\/index.php?rest_route=%2Fwp%2Fv2%2Fcomments&post=932"}],"version-history":[{"count":1,"href":"http:\/\/warndtdom.de\/index.php?rest_route=\/wp\/v2\/pages\/932\/revisions"}],"predecessor-version":[{"id":934,"href":"http:\/\/warndtdom.de\/index.php?rest_route=\/wp\/v2\/pages\/932\/revisions\/934"}],"wp:attachment":[{"href":"http:\/\/warndtdom.de\/index.php?rest_route=%2Fwp%2Fv2%2Fmedia&parent=932"}],"curies":[{"name":"wp","href":"https:\/\/api.w.org\/{rel}","templated":true}]}}