{"id":925,"date":"2018-04-25T13:58:40","date_gmt":"2018-04-25T11:58:40","guid":{"rendered":"http:\/\/warndtdom.de\/?page_id=925"},"modified":"2018-04-25T13:58:40","modified_gmt":"2018-04-25T11:58:40","slug":"errichtungsurkunde","status":"publish","type":"page","link":"http:\/\/warndtdom.de\/?page_id=925","title":{"rendered":"Errichtungsurkunde"},"content":{"rendered":"<table style=\"border-color: #000000; background-color: #f7b72d;\" cellspacing=\"5\" cellpadding=\"5\" border=\"1\">\n<tbody>\n<tr>\n<td style=\"width: 590px; text-align: center;\"><strong>Bisch\u00f6fliches Schreiben \u00fcber die Ausgliederung der Filialkirche in Lauterbach und ihre Erhebung zur Pfarrei.<\/strong><\/p>\n<p>Wilhelm Arnoldi<br \/>\ndurch Gottes Erbarmen und des Heiligen apostolischen Stuhles Gnade, Bischof von Trier und Doktor der Heiligen Theologie, Heil und Segen im Herrn allen und jedem einzelnen, der die vorliegende Urkunde liest.<\/p>\n<p>Die Sorgfalt bei der Aus\u00fcbung unseres bisch\u00f6flichen Amtes verlangt es, entsprechend den Erfordernissen in den Gemeinden f\u00fcr eigene Priester zu sorgen, damit nicht nur die Verehrung Gottes vertieft, sondern auch die Seelsorge wirkungsvoller und umfassender durchgef\u00fchrt werden kann und so das Wohl der Gl\u00e4ubigen gew\u00e4hrleistet ist und geordnete Verh\u00e4ltnisse bestehen.<\/p>\n<p>Was den Teil der Kirchengemeinde in Lauterbach betrifft, der bis zu diesem Zeitpunkt Filialkirche Emmersweiler war, wurde uns dargelegt, dass der Ort 675 Gl\u00e4ubige z\u00e4hlt, zwei Meilen von der Pfarrei Emmersweiler entfernt liegt und somit eines eigenen Pfarrers bedarf. Dar\u00fcber hinaus wird auch eine eigene Kirche mit allem f\u00fcr den Gottesdienst Notwendigem und ein Wohnsitz f\u00fcr den dort Dienst tuenden Priester aufgrund gro\u00dfz\u00fcgiger Spenden neu eingerichtet und gebaut.<\/p>\n<p>Deshalb erheben wir mit Zustimmung unseres hochw\u00fcrdigen Domkapitels die oben erw\u00e4hnte Kirchengemeinde in Lauterbach, Filialkirche von Emmersweiler, zur Pfarrei mit dem Namen des Heiligen Paulinus, Bischofs von Trier und M\u00e4rtyrers, und gew\u00e4hren ihr alle Rechte und Privilegien einer Pfarrei.<\/p>\n<p>Wir billigen, anerkennen und setzen \u2013 anstelle von Pfr\u00fcndeneinkommen oder sonstigen Rechtsanspr\u00fcchen des kommenden Pfarrers in Lauterbach und abgesehen von den Stolgeb\u00fchren, wie sie dort \u00fcblich sind \u2013 ein Einkommen fest, das die Staatskasse einem Pfarrer zahlt und sich auf 131 Taler, 7 Silbergroschen und 6 Pfennige bel\u00e4uft. Die Kirchengemeinde selbst verpflichtet sich dementsprechend es ihm zuzuweisen.<\/p>\n<p>Im Vertrauen darauf haben wir diese vorliegende Urkunde erstellen lassen, mit eigener Hand unterzeichnet und mit unserem amtlichen bisch\u00f6flichen Siegel beglaubigen lassen.<\/p>\n<p>Trier, den 28. Oktober im Jahr des Herrn 1856<\/p>\n<p>(+) Wilhelm, Bischof von Trier<\/td>\n<\/tr>\n<\/tbody>\n<\/table>\n<p>&nbsp;<\/p>\n","protected":false},"excerpt":{"rendered":"<p>Bisch\u00f6fliches Schreiben \u00fcber die Ausgliederung der Filialkirche in Lauterbach und ihre Erhebung zur Pfarrei. Wilhelm Arnoldi durch Gottes Erbarmen und des Heiligen apostolischen Stuhles Gnade, Bischof von Trier und Doktor der Heiligen Theologie, Heil und Segen im Herrn allen und &hellip; <a href=\"http:\/\/warndtdom.de\/?page_id=925\">Weiterlesen <span class=\"meta-nav\">&rarr;<\/span><\/a><\/p>\n","protected":false},"author":1,"featured_media":0,"parent":0,"menu_order":0,"comment_status":"closed","ping_status":"closed","template":"","meta":{"ngg_post_thumbnail":0,"footnotes":""},"class_list":["post-925","page","type-page","status-publish","hentry"],"_links":{"self":[{"href":"http:\/\/warndtdom.de\/index.php?rest_route=\/wp\/v2\/pages\/925","targetHints":{"allow":["GET"]}}],"collection":[{"href":"http:\/\/warndtdom.de\/index.php?rest_route=\/wp\/v2\/pages"}],"about":[{"href":"http:\/\/warndtdom.de\/index.php?rest_route=\/wp\/v2\/types\/page"}],"author":[{"embeddable":true,"href":"http:\/\/warndtdom.de\/index.php?rest_route=\/wp\/v2\/users\/1"}],"replies":[{"embeddable":true,"href":"http:\/\/warndtdom.de\/index.php?rest_route=%2Fwp%2Fv2%2Fcomments&post=925"}],"version-history":[{"count":1,"href":"http:\/\/warndtdom.de\/index.php?rest_route=\/wp\/v2\/pages\/925\/revisions"}],"predecessor-version":[{"id":926,"href":"http:\/\/warndtdom.de\/index.php?rest_route=\/wp\/v2\/pages\/925\/revisions\/926"}],"wp:attachment":[{"href":"http:\/\/warndtdom.de\/index.php?rest_route=%2Fwp%2Fv2%2Fmedia&parent=925"}],"curies":[{"name":"wp","href":"https:\/\/api.w.org\/{rel}","templated":true}]}}