{"id":56,"date":"2011-11-11T21:14:17","date_gmt":"2011-11-11T20:14:17","guid":{"rendered":"http:\/\/www.warndtdom.de\/?page_id=56"},"modified":"2014-08-25T21:26:14","modified_gmt":"2014-08-25T19:26:14","slug":"st-paulinus","status":"publish","type":"page","link":"http:\/\/warndtdom.de\/?page_id=56","title":{"rendered":"St. Paulinus"},"content":{"rendered":"<h1 style=\"text-align: center;\">St. Paulinus von Trier (ca. 300 &#8211; 358)<\/h1>\n<p><img loading=\"lazy\" decoding=\"async\" class=\"aligncenter size-full wp-image-184\" title=\"St. Paulinus\" src=\"http:\/\/www.warndtdom.de\/wp-content\/uploads\/paulinus2.jpg\" alt=\"\" width=\"300\" height=\"441\" srcset=\"http:\/\/warndtdom.de\/wp-content\/uploads\/paulinus2.jpg 300w, http:\/\/warndtdom.de\/wp-content\/uploads\/paulinus2-204x300.jpg 204w\" sizes=\"auto, (max-width: 300px) 100vw, 300px\" \/><\/p>\n<p><strong>Bischof von Trier und M\u00e4rtyrer<\/strong><br \/>\n<strong>Geboren um 300 in Aquitanien (Frankreich)<\/strong><br \/>\n<strong>Gestorben am 31. August 358 in Phrygien (heutige T\u00fcrkei)<\/strong><\/p>\n<p>Paulinus stammte der \u00dcberlieferung nach aus einer vornehmen aquitanischen Familie.<br \/>\nEr wurde durch Bischof Maximin zum Priester geweiht und ging mit ihm zusammen als Missionar nach Trier. Um 346 wurde er Nachfolger Maximins als 14. Bischof von Trier.<\/p>\n<p>Im Streit zwischen Arianus und Athanasius um die Dreifaltigkeitslehre stellte er sich auf die Seite des Athanasius (Patriarchen von Alexandria), der bei Paulinus Vorg\u00e4nger in Trier Asyl gefunden hatte. Gemeinsam k\u00e4mpften Sie gegen die Irrlehre der Arianer an.<\/p>\n<p>353 berief Kaiser Constantius II. das Konzil von Arles ein. Dort pr\u00e4sentierten die anwesenden Arianer den versammelten Bisch\u00f6fen einen Entwurf des Kaisers, der eine Verurteilung des Athanasius enthielt. Gleichzeitig erlie\u00df der Kaiser ein Edikt, das jedem Bischof, der nicht f\u00fcr das Urteil gegen Athanasius stimmte, die Verbannung drohte. Und so unterschrieben s\u00e4mtliche anwesenden Bisch\u00f6fe, mit Ausnahme von Paulinus.<\/p>\n<p>Wegen dieser abweichenden Haltung wurde Paulinus von Kaiser Constantinus II. nach Phrygien (in die heutige T\u00fcrkei) verbannt.<\/p>\n<p>Im Jahre 355 berief Constantinus II. ein weiteres Konzil in Mailand ein. Das erkl\u00e4rte Ziel des Kaisers war eine erneute Verurteilung um die Lehre des Athanasius. Ermutigt durch das Vorgehen des Paulinus verweigerten nun jedoch mehrere Bisch\u00f6fe die Unterschrift.<\/p>\n<p>Paulinus lebte derweil unter schwersten Dem\u00fctigungen und Entbehrungen 5 Jahre lang in Verbannung bis zu seinem Tod 358.<\/p>\n<p>Gegen Ende des 4. Jahrhunderts wurden seine Gebeine von Bischof Felix nach Trier \u00fcbertragen und im Vorg\u00e4ngerbau der heutigen Paulinus-Kirche bestattet.<\/p>\n<p>Seit 1072 befinden sich die Reliqiuen des hl. Paulinus in einem Holzsarg der nach ihm benannten Kirche in Trier. Weitere Reliqiuen des Heiligen sind auch im 1911 erbauten Warndtdom St. Paulinus Lauterbach (Saarland) zu finden.<\/p>\n<p>Paulinus Todestag, der 31. August, gilt noch heute als sein Gedenktag.<\/p>\n<p>&nbsp;<\/p>\n<p><a title=\"St. Paulinus Lied\" href=\"http:\/\/www.warndtdom.de\/?page_id=22\">Hier k\u00f6nnen Sie das St. Paulinuslied sehen.<\/a><\/p>\n","protected":false},"excerpt":{"rendered":"<p>St. Paulinus von Trier (ca. 300 &#8211; 358) Bischof von Trier und M\u00e4rtyrer Geboren um 300 in Aquitanien (Frankreich) Gestorben am 31. August 358 in Phrygien (heutige T\u00fcrkei) Paulinus stammte der \u00dcberlieferung nach aus einer vornehmen aquitanischen Familie. Er wurde &hellip; <a href=\"http:\/\/warndtdom.de\/?page_id=56\">Weiterlesen <span class=\"meta-nav\">&rarr;<\/span><\/a><\/p>\n","protected":false},"author":1,"featured_media":0,"parent":0,"menu_order":0,"comment_status":"closed","ping_status":"closed","template":"","meta":{"ngg_post_thumbnail":0,"footnotes":""},"class_list":["post-56","page","type-page","status-publish","hentry"],"_links":{"self":[{"href":"http:\/\/warndtdom.de\/index.php?rest_route=\/wp\/v2\/pages\/56","targetHints":{"allow":["GET"]}}],"collection":[{"href":"http:\/\/warndtdom.de\/index.php?rest_route=\/wp\/v2\/pages"}],"about":[{"href":"http:\/\/warndtdom.de\/index.php?rest_route=\/wp\/v2\/types\/page"}],"author":[{"embeddable":true,"href":"http:\/\/warndtdom.de\/index.php?rest_route=\/wp\/v2\/users\/1"}],"replies":[{"embeddable":true,"href":"http:\/\/warndtdom.de\/index.php?rest_route=%2Fwp%2Fv2%2Fcomments&post=56"}],"version-history":[{"count":13,"href":"http:\/\/warndtdom.de\/index.php?rest_route=\/wp\/v2\/pages\/56\/revisions"}],"predecessor-version":[{"id":807,"href":"http:\/\/warndtdom.de\/index.php?rest_route=\/wp\/v2\/pages\/56\/revisions\/807"}],"wp:attachment":[{"href":"http:\/\/warndtdom.de\/index.php?rest_route=%2Fwp%2Fv2%2Fmedia&parent=56"}],"curies":[{"name":"wp","href":"https:\/\/api.w.org\/{rel}","templated":true}]}}