{"id":52,"date":"2011-11-11T21:13:55","date_gmt":"2011-11-11T20:13:55","guid":{"rendered":"http:\/\/www.warndtdom.de\/?page_id=52"},"modified":"2018-04-25T14:12:33","modified_gmt":"2018-04-25T12:12:33","slug":"pfarrer","status":"publish","type":"page","link":"http:\/\/warndtdom.de\/?page_id=52","title":{"rendered":"Pfarrer"},"content":{"rendered":"<p><strong>Julius Moll (1860 &#8211; 1896)<br \/>\n<\/strong><\/p>\n<p><img loading=\"lazy\" decoding=\"async\" class=\"alignleft size-full wp-image-167\" title=\"Pfarrer Moll\" src=\"http:\/\/www.warndtdom.de\/wp-content\/uploads\/moll_100.jpg\" alt=\"\" width=\"100\" height=\"156\"\/>Eingef\u00fchrt am 14.09.1860 als erster Pfarrer f\u00fcr die Gemeinde Lauterbach. Sein Wirkungsort war die alte Kirche, erbaut 1857-1860, die sp\u00e4ter zum Schulhaus umgebaut wurde. Er verstarb nach 36j\u00e4hriger seelsorgerischer T\u00e4tigkeit am 29.02.1896. Wie tief die ganze Lauterbacher Gemeinde um ihn trauerte, zeigte die Tatsache, da\u00df die Pfarrkinder ihren toten Seelsorger durch alle Stra\u00dfen des Ortes trugen, ehe sie ihm auf ihrem Gottesacker sein Grab bereiteten.<\/p>\n<p>Im Jahre 1935 wurde er dann in das Grab neben der heutigen Kirche umgebettet.<\/p>\n<hr \/>\n<p><strong>Johann Jodokus Sebastian (1896 &#8211; 1907)<br \/>\n<\/strong><\/p>\n<p>Zweiter Pfarrer in Lauterbach. Eingef\u00fchrt am 25.10.1896. Er betreute die Pfarrgemeinde bis zum 17.02.1907 und war der Begr\u00fcnder des Bauvereins f\u00fcr die neue Kirche.<\/p>\n<hr \/>\n<p><strong>Robert Wagner (1907 &#8211; 1925)<br \/>\n<\/strong><\/p>\n<p><img loading=\"lazy\" decoding=\"async\" class=\"alignleft size-full wp-image-170\" title=\"Pfarrer Wagner\" src=\"http:\/\/www.warndtdom.de\/wp-content\/uploads\/wagner_1001.jpg\" alt=\"\" width=\"100\" height=\"157\"\/>Er wurde am 22.04.1907 der dritte Seelsorger in Lauterbach. Unter seiner Leitung wurde am 02.07.1911 der Grundstein f\u00fcr den heutigen Warndtdom gelegt, dessen Bau schon nach sagenhaften 2 Jahren beendet war. Nach \u00fcber 18 Jahren in der Gemeinde verlie\u00df er den Ort am 08.10.1925 um sich in Saarbr\u00fccken hauptamtlich der Medizin zu widmen.<\/p>\n<hr \/>\n<p><strong>Karl Loyo (1925 &#8211; 1928)<br \/>\n<\/strong><\/p>\n<p><img loading=\"lazy\" decoding=\"async\" class=\"alignleft size-full wp-image-171\" title=\"Pfarrer Loyo\" src=\"http:\/\/www.warndtdom.de\/wp-content\/uploads\/loyo_100.jpg\" alt=\"\" width=\"100\" height=\"128\"\/>Am 25.10.1925 \u00fcbernimmt Karl Loyo als Nachfolger Pastor Wagners die Pfarrei Lauterbach. Nach noch nicht ganz dreij\u00e4hriger T\u00e4tigkeit verlie\u00df er im Februar 1928 Lauterbach und trat die Pfarrstelle in Wincheringen a.d. Mosel an.<\/p>\n<hr \/>\n<p><strong>Heinrich Schu (1928 &#8211; 1949)<br \/>\n<\/strong><\/p>\n<p><img loading=\"lazy\" decoding=\"async\" class=\"alignleft size-full wp-image-172\" title=\"Pfarrer Schu\" src=\"http:\/\/www.warndtdom.de\/wp-content\/uploads\/schu_100.jpg\" alt=\"\" width=\"100\" height=\"69\"\/>Eingef\u00fchrt am Passionssonntag des Jahres 1928. Er engagierte sich f\u00fcr die den Bau einer neuen Orgel, die am 26.07.1931 feierlich eingesegnet wurde. Zudem haben die Lauterbacher ihm die Gr\u00fcndung des heutigen Rasensportplatzes &#8222;Am Weinbrunnen&#8220; zu verdanken. Nach 21 Jahren des Wirkens wurde er am 21.09.1949 versetzt.<\/p>\n<hr \/>\n<p><strong>Joseph Veauthier (1949 &#8211; 1970)<br \/>\n<\/strong><\/p>\n<p><img loading=\"lazy\" decoding=\"async\" class=\"alignleft size-full wp-image-173\" title=\"Pfarrer Veauthier\" src=\"http:\/\/www.warndtdom.de\/wp-content\/uploads\/veauthier_100.jpg\" alt=\"\" width=\"100\" height=\"125\"\/>Er wurde am 23.09.1949 mit der Seelsorgearbeit in Lauterbach betreut und war damit der 6. Geistliche im Ort. Unverhelt mu\u00df man gestehen, da\u00df er einen gro\u00dfen Berg an Arbeit &#8211; n\u00e4mlich die Kriegssch\u00e4den &#8211; beseitigen mu\u00dfte (siehe Chronik). Am 30.09.1970 wurde er nach 21 Jahren von seinem Amt als Pastor entbunden.<\/p>\n<hr \/>\n<p><strong>Otto Mansion (1970 &#8211; 1980)<br \/>\n<\/strong><\/p>\n<p><img loading=\"lazy\" decoding=\"async\" class=\"alignleft size-full wp-image-174\" title=\"Pfarrer Mansion\" src=\"http:\/\/www.warndtdom.de\/wp-content\/uploads\/mansion_100.jpg\" alt=\"\" width=\"100\" height=\"126\"\/>Rund 10 Jahre war er seit dem 06.12.1970 in der Pfarrgemeinde Lauterbach als Pastor t\u00e4tig. 1972 wird das erste Mal ein Pfarrgemeinderat im Ort gew\u00e4hlt. Unter ihm wurde die Kirche aufw\u00e4ndig und stilecht renoviert. Das wundersch\u00f6ne Fresco im Chor erstrahlt seither wieder in neuem Glanz.<br \/>\nEr verlie\u00df die Gemeinde am 09.11.1980.<\/p>\n<hr \/>\n<p><strong>Klemens Hombach (1980 &#8211; 1986)<br \/>\n<\/strong><\/p>\n<p><img loading=\"lazy\" decoding=\"async\" class=\"alignleft size-full wp-image-175\" title=\"Pfarrer Hombach\" src=\"http:\/\/www.warndtdom.de\/wp-content\/uploads\/hombach_100.jpg\" alt=\"\" width=\"100\" height=\"124\"\/><\/p>\n<p>Erstmalig in der Geschichte mu\u00dfte sich der Ort Lauterbach mit seiner Einf\u00fchrung am 14.12.1980 wieder einen Pastor mit der Gemeinde Ludweiler teilen.<\/p>\n<p>&nbsp;<\/p>\n<hr \/>\n<p><img loading=\"lazy\" decoding=\"async\" class=\"alignleft wp-image-176 size-full\" title=\"Pfarrer Hans Maria Thul \u2020\" src=\"http:\/\/warndtdom.de\/wp-content\/uploads\/thul_100.jpg\" alt=\"\" width=\"100\" height=\"121\"\/><\/p>\n<p>Es folgten die Pfarrer<br \/>\nErwin Rech (1986 &#8211; 1988) mit Sitz in Ludweiler<br \/>\nHans Maria Thul&nbsp;\u2020 (1988 &#8211; 1994) und<br \/>\nHermann Lanzerath (1994 &#8211; 2005).<\/p>\n<hr \/>\n<p><strong>Markus Weilhammer (2005 &#8211; 2009)<br \/>\n<\/strong><\/p>\n<p><img loading=\"lazy\" decoding=\"async\" class=\"alignleft size-full wp-image-177\" title=\"Pfarrer Weilhammer\" src=\"http:\/\/www.warndtdom.de\/wp-content\/uploads\/weilhammer_100.jpg\" alt=\"\" width=\"100\" height=\"132\"\/>Unter seiner Amtszeit wurde am 10.07.2005 die &#8222;Weggemeinschaft Geislautern &#8211; Ludweiler &#8211; Lauterbach&#8220; gegr\u00fcndet. Seinen Sitz behielt er in Ludweiler. Mit dem Zusammenschlu\u00df der 3 Gemeinden sank auch die Anzahl der Gottesdienstangebote in Lauterbach drastisch.<br \/>\nAm 24.05.2009 verlie\u00df Pfarrer Weilhammer die Weggemeinschaft.<\/p>\n<hr \/>\n<p><strong>Thomas Weber (2009 &#8211; 2010)<br \/>\n<\/strong><\/p>\n<p><img loading=\"lazy\" decoding=\"async\" class=\"alignleft size-full wp-image-178\" title=\"Pfarrer Weber\" src=\"http:\/\/www.warndtdom.de\/wp-content\/uploads\/weber1.jpg\" alt=\"\" width=\"80\" height=\"96\"\/>Pfarrer Thomas Weber mit Sitz in V\u00f6lklingen (St. Eligius) hatte in der Zeit der Vakanz die Pfarrverwaltung f\u00fcr die &#8222;Weggemeinschaft Geislautern &#8211; Ludweiler &#8211; Lauterbach&#8220; \u00fcbernommen. Mit vielen anderen Priestern und Diakonen gestaltete er von Mai 2009 bis Oktober 2010 die Zeit bis ein neuer Pfarrer in sein Amt eingef\u00fchrt worden ist.<\/p>\n<hr \/>\n<p><strong>Patrik Altmeyer (2010 &#8211; heute)<br \/>\n<\/strong><\/p>\n<p><img loading=\"lazy\" decoding=\"async\" class=\"alignleft size-full wp-image-179\" title=\"Pfarrer Altmeyer\" src=\"http:\/\/www.warndtdom.de\/wp-content\/uploads\/altmeyer_100.jpg\" alt=\"\" width=\"100\" height=\"123\"\/>Am 1. November 2010 \u00fcbernimmt Pfarrer Patrik Altmeyer die &#8222;Weggemeinschaft Geislautern-Ludweiler-Lauterbach&#8220;.<br \/>\nAm 1. September 2011 wird die Pfarrgemeinde St. Paulinus Lauterbach in die &#8222;Pfarreiengemeinschaft Warndt&#8220; eingegliedert.<br \/>\nAm 1. Januar 2016 fusionieren 8 Pfarrgemeinden zur neuen Pfarrei &#8222;Heilig Kreuz im Warndt&#8220;. Die Pfarrgemeinde St. Paulinus Lauterbach ist von nunan ein &#8222;Gemeindebezirk&#8220; der neu errichteten Pfarrei.<\/p>\n","protected":false},"excerpt":{"rendered":"<p>Julius Moll (1860 &#8211; 1896) Eingef\u00fchrt am 14.09.1860 als erster Pfarrer f\u00fcr die Gemeinde Lauterbach. Sein Wirkungsort war die alte Kirche, erbaut 1857-1860, die sp\u00e4ter zum Schulhaus umgebaut wurde. Er verstarb nach 36j\u00e4hriger seelsorgerischer T\u00e4tigkeit am 29.02.1896. Wie tief die &hellip; <a href=\"http:\/\/warndtdom.de\/?page_id=52\">Weiterlesen <span class=\"meta-nav\">&rarr;<\/span><\/a><\/p>\n","protected":false},"author":1,"featured_media":0,"parent":0,"menu_order":0,"comment_status":"closed","ping_status":"closed","template":"","meta":{"ngg_post_thumbnail":0,"footnotes":""},"class_list":["post-52","page","type-page","status-publish","hentry"],"_links":{"self":[{"href":"http:\/\/warndtdom.de\/index.php?rest_route=\/wp\/v2\/pages\/52","targetHints":{"allow":["GET"]}}],"collection":[{"href":"http:\/\/warndtdom.de\/index.php?rest_route=\/wp\/v2\/pages"}],"about":[{"href":"http:\/\/warndtdom.de\/index.php?rest_route=\/wp\/v2\/types\/page"}],"author":[{"embeddable":true,"href":"http:\/\/warndtdom.de\/index.php?rest_route=\/wp\/v2\/users\/1"}],"replies":[{"embeddable":true,"href":"http:\/\/warndtdom.de\/index.php?rest_route=%2Fwp%2Fv2%2Fcomments&post=52"}],"version-history":[{"count":11,"href":"http:\/\/warndtdom.de\/index.php?rest_route=\/wp\/v2\/pages\/52\/revisions"}],"predecessor-version":[{"id":930,"href":"http:\/\/warndtdom.de\/index.php?rest_route=\/wp\/v2\/pages\/52\/revisions\/930"}],"wp:attachment":[{"href":"http:\/\/warndtdom.de\/index.php?rest_route=%2Fwp%2Fv2%2Fmedia&parent=52"}],"curies":[{"name":"wp","href":"https:\/\/api.w.org\/{rel}","templated":true}]}}