{"id":50,"date":"2011-11-11T21:13:46","date_gmt":"2011-11-11T20:13:46","guid":{"rendered":"http:\/\/www.warndtdom.de\/?page_id=50"},"modified":"2017-10-02T19:07:49","modified_gmt":"2017-10-02T17:07:49","slug":"orgel","status":"publish","type":"page","link":"http:\/\/warndtdom.de\/?page_id=50","title":{"rendered":"Orgel"},"content":{"rendered":"<p><center><strong>Vorgeschichte<\/strong><\/center><\/p>\n<p align=\"center\">Schon nach drei Jahren seines Arbeitens in Lauterbach war es Pastor Schu durch die eifrige Mitarbeit des Marienvereins, dessen Mitglieder Monat f\u00fcr Monat in gro\u00dfer Treue von Haus zu Haus ihre Sammelg\u00e4nge abhielten, m\u00f6glich geworden, das sch\u00f6ne Werk der neuen Orgel anschaffen zu k\u00f6nnen. Am <strong>26.07.1931<\/strong> war die feierliche Einsegnung.<\/p>\n<p align=\"center\">Dieses pr\u00e4chtige Kircheninstrument wird besonders heute als der Geheimtipp f\u00fcr original erhaltene sp\u00e4t-romantische Kirchenorgeln in der gesamten Region angesehen.<\/p>\n<hr width=\"70%\" align=\"center\"\/>\n<p align=\"center\"><strong>Planung<\/strong><\/p>\n<p align=\"center\"><img loading=\"lazy\" decoding=\"async\" class=\"aligncenter size-full wp-image-221\" title=\"Gebr\u00fcder Sp\u00e4th\" src=\"http:\/\/www.warndtdom.de\/wp-content\/uploads\/logogebrueder.jpg\" alt=\"\" width=\"223\" height=\"163\"\/><\/p>\n<p align=\"center\">Der Auftrag zur Planung und den Einbau der neuen Orgel wurde an die Gebr\u00fcder Sp\u00e4th aus Ennetach-Mengen in der N\u00e4he von Ulm vergeben. Die beiden Orgelbaumeister August Sp\u00e4th und Dr. Karl Sp\u00e4th kreirten 1931 eine Orgel mit 38 Registern, verteilt auf drei Manuale mit Pedal und mit fast 2.500 Pfeifen. Bereits im Jahre 1928 wurde den Gebr\u00fcdern Sp\u00e4th f\u00fcr ihre Orgelbaukunst der damals hochangesehene Titel &#8222;P\u00e4pstlicher Hoflieferant&#8220; verliehen. 1964 wurde die neue Firma &#8222;<a href=\"http:\/\/www.orgelbau-spaeth.de\" target=\"_new\">Freiburger Orgelbau<\/a>&#8220; von den Nachfahren gegr\u00fcndet. Diese Firma existiert noch heute.<\/p>\n<hr width=\"70%\" align=\"center\"\/>\n<p align=\"center\"><strong>Orgel-Disposition<\/strong><\/p>\n<p><img loading=\"lazy\" decoding=\"async\" class=\"aligncenter size-full wp-image-222\" title=\"Orgel\" src=\"http:\/\/www.warndtdom.de\/wp-content\/uploads\/orgel.jpg\" alt=\"\" width=\"595\" height=\"409\" srcset=\"http:\/\/warndtdom.de\/wp-content\/uploads\/orgel.jpg 595w, http:\/\/warndtdom.de\/wp-content\/uploads\/orgel-300x206.jpg 300w, http:\/\/warndtdom.de\/wp-content\/uploads\/orgel-436x300.jpg 436w\" sizes=\"auto, (max-width: 595px) 100vw, 595px\" \/><\/p>\n<table cellspacing=\"1\" cellpadding=\"1\" border=\"0\" align=\"center\">\n<tbody>\n<tr>\n<td>\n<div align=\"center\"><strong>STAFFELEI LINKE SEITE<\/strong><\/div>\n<\/td>\n<\/tr>\n<tr>\n<td>\n<div align=\"center\"><strong>I. Manual, Hauptwerk C-g&#8216;<\/strong><\/div>\n<\/td>\n<\/tr>\n<tr>\n<td>&nbsp;<\/td>\n<\/tr>\n<tr>\n<td>\n<table cellspacing=\"6\" cellpadding=\"2\" border=\"0\" align=\"left\">\n<tbody>\n<tr>\n<td>1) Quintat\u00f6n<\/td>\n<td>16&#8242;<\/td>\n<\/tr>\n<tr>\n<td>2) Principal<\/td>\n<td>8&#8242;<\/td>\n<\/tr>\n<tr>\n<td>3) Portunalfl\u00f6te<\/td>\n<td>8&#8242;<\/td>\n<\/tr>\n<tr>\n<td>4) Gemshorn<\/td>\n<td>8&#8242;<\/td>\n<\/tr>\n<tr>\n<td>5) Dulciana<\/td>\n<td>8&#8242;<\/td>\n<\/tr>\n<tr>\n<td>6) Praestant<\/td>\n<td>4&#8242;<\/td>\n<\/tr>\n<tr>\n<td>7) Rohrfl\u00f6te<\/td>\n<td>4&#8242;<\/td>\n<\/tr>\n<tr>\n<td>8) Schwiegel<\/td>\n<td>2&#8242;<\/td>\n<\/tr>\n<tr>\n<td>9) Nazard<\/td>\n<td>2 2\/3&#8242;<\/td>\n<\/tr>\n<tr>\n<td>10) Mixtur 3-4 fach<\/td>\n<td>&nbsp;<\/td>\n<\/tr>\n<tr>\n<td>11) Trompete<\/td>\n<td>8&#8242;<\/td>\n<\/tr>\n<tr>\n<td>Vacat<\/td>\n<td>&nbsp;<\/td>\n<\/tr>\n<\/tbody>\n<\/table>\n<\/td>\n<\/tr>\n<tr>\n<td>&nbsp;<\/td>\n<\/tr>\n<tr>\n<td>\n<div align=\"center\"><strong>II. Manual<\/strong><\/div>\n<\/td>\n<\/tr>\n<tr>\n<td>&nbsp;<\/td>\n<\/tr>\n<tr>\n<td>\n<table cellspacing=\"6\" cellpadding=\"2\" border=\"0\" align=\"left\">\n<tbody>\n<tr>\n<td>12) Hornprinzipal<\/td>\n<td>8&#8242;<\/td>\n<td>&nbsp;<\/td>\n<\/tr>\n<tr>\n<td>13) Rohrfl\u00f6te<\/td>\n<td>8&#8242;<\/td>\n<td>sehr weit, C-f Zink<\/td>\n<\/tr>\n<tr>\n<td>14) Quintat\u00f6n<\/td>\n<td>8&#8242;<\/td>\n<td>Zink \/ Sn<\/td>\n<\/tr>\n<tr>\n<td>15) Salicional<\/td>\n<td>8&#8242;<\/td>\n<td>C-h Zink, Rest Sn<\/td>\n<\/tr>\n<tr>\n<td>16) Oktave<\/td>\n<td>4&#8242;<\/td>\n<td>C-H Zink, Rest Sn<\/td>\n<\/tr>\n<tr>\n<td>17) Zartfl\u00f6te<\/td>\n<td>4&#8242;<\/td>\n<td>C-H Zink, Rest Sn<\/td>\n<\/tr>\n<tr>\n<td>18) Klosterfl\u00f6te<\/td>\n<td>2&#8242;<\/td>\n<td>Dieses Register gibt es nur bei Sp\u00e4th-Orgeln, da viele Orgeln in Kl\u00f6ster geliefert wurden.<\/td>\n<\/tr>\n<tr>\n<td>19) Quint<\/td>\n<td>2 2\/3&#8242;<\/td>\n<td>C-F Zink<\/td>\n<\/tr>\n<tr>\n<td>20) Cornet 3-4 fach<\/td>\n<td>&nbsp;<\/td>\n<td>Sn C = 2 2\/3&#8242; + 1 3\/5&#8242; + 2&#8242;<\/td>\n<\/tr>\n<tr>\n<td>21) Oboe<\/td>\n<td>8&#8242;<\/td>\n<td>Zink<\/td>\n<\/tr>\n<tr>\n<td>&nbsp;<\/td>\n<td>&nbsp;<\/td>\n<td>&nbsp;<\/td>\n<\/tr>\n<tr>\n<td>Kopplung II &#8211; I<\/td>\n<td>4&#8242;<\/td>\n<td>&nbsp;<\/td>\n<\/tr>\n<tr>\n<td>Kopplung II &#8211; I<\/td>\n<td>16&#8242;<\/td>\n<td>&nbsp;<\/td>\n<\/tr>\n<tr>\n<td>Kopplung II &#8211; I<\/td>\n<td>8&#8242;<\/td>\n<td>&nbsp;<\/td>\n<\/tr>\n<tr>\n<td>Kopplung II -Ped.<\/td>\n<td>8&#8242;<\/td>\n<td>&nbsp;<\/td>\n<\/tr>\n<tr>\n<td colspan=\"3\">2 freie Kombinationstasten \u00fcber den Registertasten.<\/td>\n<\/tr>\n<\/tbody>\n<\/table>\n<\/td>\n<\/tr>\n<tr>\n<td>&nbsp;<\/td>\n<\/tr>\n<tr>\n<td>&nbsp;<\/td>\n<\/tr>\n<tr>\n<td>\n<div align=\"center\"><strong>STAFFELEI RECHTE SEITE<\/strong><\/div>\n<\/td>\n<\/tr>\n<tr>\n<td>&nbsp;<\/td>\n<\/tr>\n<tr>\n<td>\n<table cellspacing=\"6\" cellpadding=\"2\" border=\"0\">\n<tbody>\n<tr>\n<td>Kopplung III zu Pedal<\/td>\n<td>8&#8242;<\/td>\n<\/tr>\n<tr>\n<td>Kopplung III zu II<\/td>\n<td>8&#8242;<\/td>\n<\/tr>\n<tr>\n<td>Kopplung III zu II<\/td>\n<td>4&#8242;<\/td>\n<\/tr>\n<tr>\n<td>Kopplung III zu II<\/td>\n<td>16&#8242;<\/td>\n<\/tr>\n<tr>\n<td>Kopplung III zu I<\/td>\n<td>4&#8242;<\/td>\n<\/tr>\n<tr>\n<td>Kopplung III zu I<\/td>\n<td>16&#8242;<\/td>\n<\/tr>\n<tr>\n<td>&nbsp;<\/td>\n<td>&nbsp;<\/td>\n<\/tr>\n<tr>\n<td>Vacat<\/td>\n<td>&nbsp;<\/td>\n<\/tr>\n<\/tbody>\n<\/table>\n<\/td>\n<\/tr>\n<tr>\n<td>&nbsp;<\/td>\n<\/tr>\n<tr>\n<td>\n<div align=\"center\"><strong>III. Manual, Schwellwerk<\/strong><\/div>\n<\/td>\n<\/tr>\n<tr>\n<td>&nbsp;<\/td>\n<\/tr>\n<tr>\n<td>\n<table cellspacing=\"6\" cellpadding=\"2\" border=\"0\">\n<tbody>\n<tr>\n<td>22) Stillgedeckt<\/td>\n<td>16&#8242;<\/td>\n<td>C-h&#8216; Holz, Rest Sn<\/td>\n<\/tr>\n<tr>\n<td>23) Konzertfl\u00f6te<\/td>\n<td>8&#8242;<\/td>\n<td>C-h&#8216; Holz, Rest Sn, \u00fcberblas. Expressionen mit rundem Loch.<\/td>\n<\/tr>\n<tr>\n<td>24) Nachthorn<\/td>\n<td>8&#8242;<\/td>\n<td>sehr weit ged. C-h Zink<\/td>\n<\/tr>\n<tr>\n<td>25) Aeoline<\/td>\n<td>8&#8242;<\/td>\n<td>C-h Zink<\/td>\n<\/tr>\n<tr>\n<td>26) Vox coelestis<\/td>\n<td>8&#8242;<\/td>\n<td>c-h Zink<\/td>\n<\/tr>\n<tr>\n<td>27) Prinzipal<\/td>\n<td>4&#8242;<\/td>\n<td>C-H Zink, sehr weit<\/td>\n<\/tr>\n<tr>\n<td>28) Blockfl\u00f6te<\/td>\n<td>2&#8242;<\/td>\n<td>sehr weit<\/td>\n<\/tr>\n<tr>\n<td>29) Sesquialter 2-fach<\/td>\n<td>&nbsp;<\/td>\n<td>gedeckt 2 2\/3&#8242;, Rohrfl\u00f6te 1 3\/5&#8242;<\/td>\n<\/tr>\n<tr>\n<td>30) Krummhorn<\/td>\n<td>8&#8242;<\/td>\n<td>Sn 2 2\/3&#8242; + 1 3\/5&#8242; + 2&#8242;<\/td>\n<\/tr>\n<\/tbody>\n<\/table>\n<\/td>\n<\/tr>\n<tr>\n<td>&nbsp;<\/td>\n<\/tr>\n<tr>\n<td>\n<div align=\"center\"><strong>UNTEN<\/strong><\/div>\n<\/td>\n<\/tr>\n<tr>\n<td>&nbsp;<\/td>\n<\/tr>\n<tr>\n<td>\n<table cellspacing=\"6\" cellpadding=\"2\" border=\"0\">\n<tbody>\n<tr>\n<td>Kopplung I zu Pedal<\/td>\n<td>8&#8242;<\/td>\n<td>&nbsp;<\/td>\n<\/tr>\n<tr>\n<td>&nbsp;<\/td>\n<td>&nbsp;<\/td>\n<td>&nbsp;<\/td>\n<\/tr>\n<tr>\n<td>Zartbass<\/td>\n<td>16&#8242;<\/td>\n<td>Abschw\u00e4chung von Subbass<\/td>\n<\/tr>\n<tr>\n<td>31) Subbass<\/td>\n<td>16&#8242;<\/td>\n<td>&nbsp;<\/td>\n<\/tr>\n<tr>\n<td>32) Prinzipalbass<\/td>\n<td>16&#8242;<\/td>\n<td>Prospekt, Mitte, Zink<\/td>\n<\/tr>\n<tr>\n<td>33) Oktavbass<\/td>\n<td>8&#8242;<\/td>\n<td>&nbsp;<\/td>\n<\/tr>\n<tr>\n<td>34) Fl\u00f6tenbass<\/td>\n<td>8&#8242;<\/td>\n<td>&nbsp;<\/td>\n<\/tr>\n<tr>\n<td>35) Choarlbass<\/td>\n<td>4&#8242;<\/td>\n<td>&nbsp;<\/td>\n<\/tr>\n<tr>\n<td>36) Quintbass<\/td>\n<td>10 2\/3&#8242;<\/td>\n<td>&nbsp;<\/td>\n<\/tr>\n<tr>\n<td>37) Posaune<\/td>\n<td>16&#8242;<\/td>\n<td>&nbsp;<\/td>\n<\/tr>\n<\/tbody>\n<\/table>\n<\/td>\n<\/tr>\n<\/tbody>\n<\/table>\n<p align=\"center\"><strong><img loading=\"lazy\" decoding=\"async\" class=\"aligncenter size-full wp-image-223\" title=\"Orgel\" src=\"http:\/\/www.warndtdom.de\/wp-content\/uploads\/orgel1.jpg\" alt=\"\" width=\"600\" height=\"450\" srcset=\"http:\/\/warndtdom.de\/wp-content\/uploads\/orgel1.jpg 600w, http:\/\/warndtdom.de\/wp-content\/uploads\/orgel1-300x225.jpg 300w, http:\/\/warndtdom.de\/wp-content\/uploads\/orgel1-400x300.jpg 400w\" sizes=\"auto, (max-width: 600px) 100vw, 600px\" \/><\/strong><\/p>\n<div align=\"left\">\n<p align=\"left\"><strong>Druckkn\u00f6pfe unter dem I. Manual von links<\/strong><\/p>\n<\/div>\n<p>Register III (gr\u00fcn)<br \/>\nRegister II (rot)<br \/>\nRegister I (schwarz)<br \/>\nAusl\u00f6ser (rot)<br \/>\nTutti (wei\u00df)<br \/>\nForte<br \/>\nMezzoforte<br \/>\nPiano<br \/>\nPianopedal<br \/>\nAusl\u00f6ser<br \/>\nPianopedal III. Manual (gr\u00fcn)<br \/>\nPianopedal II. Manual<br \/>\nTremolo III. Manual<br \/>\nTremolo II. Manual<br \/>\nZungen ab<\/p>\n<p align=\"left\"><strong>\u00dcber dem III. Manual in Vorsatzbrett<\/strong><\/p>\n<p>kleine Z\u00fcge f\u00fcr:<\/p>\n<p>Pianopedal III. Manual II &#8211; P, III &#8211; P, I &#8211; P Zartbass, Subbass,&#8230;&#8230;, Posaune 16&#8242;, Lichtanzeige<br \/>\nPianopedal II. Manual dto.<br \/>\nSchwellerstandanzeige<br \/>\nVoltmeter Amp\u00e8remeter<br \/>\nRegistercrescendo f\u00fcr Handhebel rechts und links daneben, sowie Fu\u00dfwalze.<\/p>\n<p align=\"left\"><strong>Fu\u00dftritt von links<\/strong><\/p>\n<p>Registratur III<br \/>\nRegistratur II<br \/>\nRegistratur I<br \/>\nGeneralausl\u00f6ser (rot)<br \/>\nTutti<br \/>\nRegisterschweller (schwarz)<br \/>\nSchwellwerk III Manual (gr\u00fcn)<\/p>\n<p align=\"left\">Numerierung der Register durch kleine, runde Porzellankn\u00f6pfchen, beginnend links oben, obere Reihe durchgehend links und rechts, dann zweite Reihe.<\/p>\n<p align=\"left\">Das <strong>Hauptwerk<\/strong> der Orgel befindet sich geteilt in C- und Cis-Lade vor der Turmwand frei h\u00e4ngend.<\/p>\n<p align=\"left\">Das <strong>II. Manual<\/strong> befindet sich in der Mitte, knapp \u00fcber dem Boden in der Turmnische, dar\u00fcber das Schwellwerk. Das II. Manual hat eine pneumatisch herausziehbare Notklaviatur f\u00fcr Stromausfall.<\/p>\n<p align=\"left\">Das <strong>Pedalwerk<\/strong> ist in der Orgel an verschiedenen Pl\u00e4tzen verteilt.<\/p>\n<p align=\"left\">Die Orgel hat elektrische Kegelladen.<\/p>\n<hr width=\"70%\" align=\"center\"\/>\n<p align=\"center\"><strong>Beurteilung<\/strong><\/p>\n<p><img loading=\"lazy\" decoding=\"async\" class=\"aligncenter size-full wp-image-224\" title=\"Orgel\" src=\"http:\/\/www.warndtdom.de\/wp-content\/uploads\/orgel2.jpg\" alt=\"\" width=\"600\" height=\"450\" srcset=\"http:\/\/warndtdom.de\/wp-content\/uploads\/orgel2.jpg 600w, http:\/\/warndtdom.de\/wp-content\/uploads\/orgel2-300x225.jpg 300w, http:\/\/warndtdom.de\/wp-content\/uploads\/orgel2-400x300.jpg 400w\" sizes=\"auto, (max-width: 600px) 100vw, 600px\" \/><\/p>\n<p align=\"left\">Die Intonation der Orgel ist zum Teil relativ schwach, was wohl mit der reichlichen Disposition f\u00fcr die Kirche zusammenh\u00e4ngt und mit dem Zeitgeschmack, sowie mit den vielen Oktavkoppeln. Nimmt man diese dazu, entwickelt die Orgel sehr viel Klangkraft und erweist sich f\u00fcr den Kirchenraum als gut dimensioniert.<\/p>\n<p align=\"left\">Quelle: FREIBURGER ORGELBAU, Hartwig Sp\u00e4th (Orgelbaumeister) aus dem Jahre 2003<\/p>\n<hr width=\"70%\" align=\"center\"\/>\n<p align=\"center\"><img loading=\"lazy\" decoding=\"async\" class=\"aligncenter size-full wp-image-225\" title=\"Orgel\" src=\"http:\/\/www.warndtdom.de\/wp-content\/uploads\/orgel3.jpg\" alt=\"\" width=\"600\" height=\"450\" srcset=\"http:\/\/warndtdom.de\/wp-content\/uploads\/orgel3.jpg 600w, http:\/\/warndtdom.de\/wp-content\/uploads\/orgel3-300x225.jpg 300w, http:\/\/warndtdom.de\/wp-content\/uploads\/orgel3-400x300.jpg 400w\" sizes=\"auto, (max-width: 600px) 100vw, 600px\" \/><\/p>\n<p align=\"center\">Audiobericht von SR 2 \u00fcber diese Orgel<br \/>\n<a title=\"Audiobericht\" href=\"http:\/\/www.warndtdom.de\/wp-content\/uploads\/sr2.mp3\" target=\"_blank\" rel=\"noopener\">Audiobericht<\/a><\/p>\n<p align=\"center\">Opusliste der Gebr\u00fcder Sp\u00e4th<br \/>\n<a title=\"Opusliste\" href=\"http:\/\/www.warndtdom.de\/wp-content\/uploads\/opusliste-ennetach.pdf\" target=\"_blank\" rel=\"noopener\">Opusliste<\/a><\/p>\n<p>&nbsp;<\/p>\n","protected":false},"excerpt":{"rendered":"<p>Vorgeschichte Schon nach drei Jahren seines Arbeitens in Lauterbach war es Pastor Schu durch die eifrige Mitarbeit des Marienvereins, dessen Mitglieder Monat f\u00fcr Monat in gro\u00dfer Treue von Haus zu Haus ihre Sammelg\u00e4nge abhielten, m\u00f6glich geworden, das sch\u00f6ne Werk der &hellip; <a href=\"http:\/\/warndtdom.de\/?page_id=50\">Weiterlesen <span class=\"meta-nav\">&rarr;<\/span><\/a><\/p>\n","protected":false},"author":1,"featured_media":0,"parent":0,"menu_order":0,"comment_status":"closed","ping_status":"closed","template":"","meta":{"ngg_post_thumbnail":0,"footnotes":""},"class_list":["post-50","page","type-page","status-publish","hentry"],"_links":{"self":[{"href":"http:\/\/warndtdom.de\/index.php?rest_route=\/wp\/v2\/pages\/50","targetHints":{"allow":["GET"]}}],"collection":[{"href":"http:\/\/warndtdom.de\/index.php?rest_route=\/wp\/v2\/pages"}],"about":[{"href":"http:\/\/warndtdom.de\/index.php?rest_route=\/wp\/v2\/types\/page"}],"author":[{"embeddable":true,"href":"http:\/\/warndtdom.de\/index.php?rest_route=\/wp\/v2\/users\/1"}],"replies":[{"embeddable":true,"href":"http:\/\/warndtdom.de\/index.php?rest_route=%2Fwp%2Fv2%2Fcomments&post=50"}],"version-history":[{"count":12,"href":"http:\/\/warndtdom.de\/index.php?rest_route=\/wp\/v2\/pages\/50\/revisions"}],"predecessor-version":[{"id":901,"href":"http:\/\/warndtdom.de\/index.php?rest_route=\/wp\/v2\/pages\/50\/revisions\/901"}],"wp:attachment":[{"href":"http:\/\/warndtdom.de\/index.php?rest_route=%2Fwp%2Fv2%2Fmedia&parent=50"}],"curies":[{"name":"wp","href":"https:\/\/api.w.org\/{rel}","templated":true}]}}