{"id":34,"date":"2011-11-11T21:11:57","date_gmt":"2011-11-11T20:11:57","guid":{"rendered":"http:\/\/www.warndtdom.de\/?page_id=34"},"modified":"2016-02-03T21:14:37","modified_gmt":"2016-02-03T20:14:37","slug":"glocken","status":"publish","type":"page","link":"http:\/\/warndtdom.de\/?page_id=34","title":{"rendered":"Glocken"},"content":{"rendered":"<p style=\"text-align: center;\"><strong>Das 1. Glockengel\u00e4ut<\/strong><\/p>\n<div id=\"attachment_193\" style=\"width: 410px\" class=\"wp-caption aligncenter\"><img loading=\"lazy\" decoding=\"async\" aria-describedby=\"caption-attachment-193\" class=\" wp-image-193 \" title=\"Erste Glocke\" src=\"http:\/\/www.warndtdom.de\/wp-content\/uploads\/11.jpg\" alt=\"\" width=\"400\" height=\"248\" srcset=\"http:\/\/warndtdom.de\/wp-content\/uploads\/11.jpg 400w, http:\/\/warndtdom.de\/wp-content\/uploads\/11-300x186.jpg 300w\" sizes=\"auto, (max-width: 400px) 100vw, 400px\" \/><p id=\"caption-attachment-193\" class=\"wp-caption-text\">1912: Die erste Glocke trifft an der neuen Kirche ein<\/p><\/div>\n<p>Das erste vierstimmige Glockengel\u00e4ut mit dem Motiv c, es, f und g wurde im Jahre 1912 von der Firma Franz Schilling &amp; S\u00f6hne aus Apolda\/Th\u00fcringen gegossen. Das Gel\u00e4ute bestand aus der Schutzengelglocke, der Marienglocke, der Barbaraglocke und der Paulinusglocke.<\/p>\n<p>Der erste Weltkrieg (1914-1918) forderte aber schon kurz darauf von den Lauterbachern das schwere Opfer der Herausgabe der drei gr\u00f6\u00dften Glocken ihres herrlichen Glockengel\u00e4utes.<\/p>\n<p>&#8222;<em>Mit gro\u00dfem Schmerz gingen Pfarrer und Kirchenvorstand und Arbeiter daran, unsere herrlichen Glocken abzumontieren, am 15. Juni 1917 l\u00e4uteten die Glocken zum letzten Male eine Stunde lang zum Abschiede. Mit Tr\u00e4nen in den Augen h\u00f6rten die Lauterbacher das Abschiedsl\u00e4uten.<\/em>&#8220;<\/p>\n<p style=\"text-align: center;\"><strong>Das 2. Glockengel\u00e4ut<\/strong><\/p>\n<p>Bis zum Jahre 1923 mu\u00dften sich die Lauterbacher mit der verbliebenen kleinsten Glocke zufrieden stellen. Doch bald war schon wieder eifrig gesammelt worden, um zwei weitere Glocken anschaffen zu k\u00f6nnen. Diese wurden von der Firma Mabilon-Hausen in Saarburg gegossen. Das nunmehr neue &#8222;Ersatzgel\u00e4ute&#8220; mit den Schlagt\u00f6nen g, a und h war im Vergleich zum 1. Gel\u00e4ute von 1912 bescheiden, erf\u00fcllte aber dennoch seinen Zweck. Und somit war die kleinste Glocke des ersten Gel\u00e4utes nunmehr die gr\u00f6\u00dfte unter den dreien.<\/p>\n<p style=\"text-align: center;\"><strong>Das 3. Glockengel\u00e4ut<\/strong><\/p>\n<div id=\"attachment_194\" style=\"width: 410px\" class=\"wp-caption aligncenter\"><img loading=\"lazy\" decoding=\"async\" aria-describedby=\"caption-attachment-194\" class=\" wp-image-194\" title=\"Neue Glocke\" src=\"http:\/\/www.warndtdom.de\/wp-content\/uploads\/1.jpg\" alt=\"\" width=\"400\" height=\"265\" srcset=\"http:\/\/warndtdom.de\/wp-content\/uploads\/1.jpg 400w, http:\/\/warndtdom.de\/wp-content\/uploads\/1-300x198.jpg 300w\" sizes=\"auto, (max-width: 400px) 100vw, 400px\" \/><p id=\"caption-attachment-194\" class=\"wp-caption-text\">1951: Eine der 4 neuen Glocken am Zollhaus in Lauterbach<\/p><\/div>\n<p>Am 19.08.1951 wurde das dritte und heute noch aktuelle Gel\u00e4ut von der Glockengie\u00dferei Paccard in Annecy (Frankreich) gegossen. Die Disposition des neuen vierstimmigen Gel\u00e4utes: a&#8216; g&#8216; e&#8216; c&#8216;. Zusammen mit einem elektrischen L\u00e4utwerk betrug der Kaufpreis damals stolze 4 Millionen franz\u00f6sische Franken.<\/p>\n<table class=\" aligncenter\" border=\"0\" width=\"100%\" cellspacing=\"2\" cellpadding=\"2\" align=\"center\">\n<tbody>\n<tr>\n<td><center><strong>Schutzengelglocke (4)<br \/>\n<\/strong><\/center><\/td>\n<\/tr>\n<tr>\n<td><center><br \/>\n<img loading=\"lazy\" decoding=\"async\" class=\"wp-image-196 aligncenter\" title=\"Glocke 4\" src=\"http:\/\/www.warndtdom.de\/wp-content\/uploads\/glocke4.jpg\" alt=\"Glocke 4\" width=\"200\" height=\"150\" \/><br \/>\nSchlagton: a&#8216;<br \/>\nDurchmesser: 90 cm.<br \/>\n&#8222;Heilige Engel und Erzengel, bittet f\u00fcr uns&#8220;&nbsp;<\/p>\n<p><\/center><\/td>\n<\/tr>\n<tr>\n<td><center><strong>Herz-Jesu-Glocke (3)<br \/>\n<\/strong><\/center><\/td>\n<\/tr>\n<tr>\n<td><center><br \/>\n<img loading=\"lazy\" decoding=\"async\" class=\"wp-image-195 aligncenter\" title=\"Glocke 3\" src=\"http:\/\/www.warndtdom.de\/wp-content\/uploads\/glocke3.jpg\" alt=\"Glocke 3\" width=\"200\" height=\"150\" \/><br \/>\nSchlagton: g&#8216;<br \/>\nDurchmesser: 101 cm.<br \/>\n&#8222;Herz Jesu, f\u00fcr diejenigen besonders reich, die Dich anrufen, erbarme Dich unser.&#8220;&nbsp;<\/p>\n<p><\/center><\/td>\n<\/tr>\n<tr>\n<td><center><strong>Marienglocke (2)<br \/>\n<\/strong><\/center><\/td>\n<\/tr>\n<tr>\n<td><center><br \/>\n<img loading=\"lazy\" decoding=\"async\" class=\"wp-image-198 aligncenter\" title=\"Glocke 2\" src=\"http:\/\/www.warndtdom.de\/wp-content\/uploads\/glocke2.jpg\" alt=\"Glocke 2\" width=\"200\" height=\"267\" \/><br \/>\nSchlagton: e&#8216;<br \/>\nDurchmesser: 121 cm.<br \/>\n&#8222;In den Himmel aufgefahrene K\u00f6nigin zeige uns Dein makelloses Leben, bereite uns einen sicheren Weg, damit wir, wenn wir Jesus sehen, uns immer freuen k\u00f6nnen.&#8220;&nbsp;<\/p>\n<p><\/center><\/td>\n<\/tr>\n<tr>\n<td><center><strong>Paulinusglocke (1)<br \/>\n<\/strong><\/center><\/td>\n<\/tr>\n<tr>\n<td><center><br \/>\n<img loading=\"lazy\" decoding=\"async\" class=\"wp-image-199 aligncenter\" title=\"Glocke 1\" src=\"http:\/\/www.warndtdom.de\/wp-content\/uploads\/glocke1.jpg\" alt=\"Glocke 1\" width=\"200\" height=\"267\" \/><br \/>\nSchlagton: c&#8216;<br \/>\nDurchmesser: 152 cm.<br \/>\n&#8222;Heiliger Paulinus, Sch\u00fctzer und Vorbild der Pfarrangeh\u00f6rigen, bewirke durch Deine m\u00e4chtige F\u00fcrsprache bei Gott, dass Du in unseren Herzen das Verlangen nach dem Himmel weckst.&#8220;&nbsp;<\/p>\n<p><\/center><\/td>\n<\/tr>\n<\/tbody>\n<\/table>\n<p><a title=\"L\u00e4uteordnung\" href=\"http:\/\/www.warndtdom.de\/?page_id=44\">Hier k\u00f6nnen Sie die aktuelle L\u00e4uteordnung einsehen<\/a><br \/>\n<a title=\"Glockenplenum\" href=\"http:\/\/www.warndtdom.de\/wp-content\/uploads\/glocken.mp3\" target=\"_blank\">Plenum St. Paulinus<\/a> (MP3 4,93MB)<\/p>\n<p>&nbsp;<\/p>\n","protected":false},"excerpt":{"rendered":"<p>Das 1. Glockengel\u00e4ut Das erste vierstimmige Glockengel\u00e4ut mit dem Motiv c, es, f und g wurde im Jahre 1912 von der Firma Franz Schilling &amp; S\u00f6hne aus Apolda\/Th\u00fcringen gegossen. Das Gel\u00e4ute bestand aus der Schutzengelglocke, der Marienglocke, der Barbaraglocke und &hellip; <a href=\"http:\/\/warndtdom.de\/?page_id=34\">Weiterlesen <span class=\"meta-nav\">&rarr;<\/span><\/a><\/p>\n","protected":false},"author":1,"featured_media":0,"parent":0,"menu_order":0,"comment_status":"closed","ping_status":"closed","template":"","meta":{"ngg_post_thumbnail":0,"footnotes":""},"class_list":["post-34","page","type-page","status-publish","hentry"],"_links":{"self":[{"href":"http:\/\/warndtdom.de\/index.php?rest_route=\/wp\/v2\/pages\/34","targetHints":{"allow":["GET"]}}],"collection":[{"href":"http:\/\/warndtdom.de\/index.php?rest_route=\/wp\/v2\/pages"}],"about":[{"href":"http:\/\/warndtdom.de\/index.php?rest_route=\/wp\/v2\/types\/page"}],"author":[{"embeddable":true,"href":"http:\/\/warndtdom.de\/index.php?rest_route=\/wp\/v2\/users\/1"}],"replies":[{"embeddable":true,"href":"http:\/\/warndtdom.de\/index.php?rest_route=%2Fwp%2Fv2%2Fcomments&post=34"}],"version-history":[{"count":37,"href":"http:\/\/warndtdom.de\/index.php?rest_route=\/wp\/v2\/pages\/34\/revisions"}],"predecessor-version":[{"id":859,"href":"http:\/\/warndtdom.de\/index.php?rest_route=\/wp\/v2\/pages\/34\/revisions\/859"}],"wp:attachment":[{"href":"http:\/\/warndtdom.de\/index.php?rest_route=%2Fwp%2Fv2%2Fmedia&parent=34"}],"curies":[{"name":"wp","href":"https:\/\/api.w.org\/{rel}","templated":true}]}}