{"id":332,"date":"2011-11-27T23:02:03","date_gmt":"2011-11-27T22:02:03","guid":{"rendered":"http:\/\/www.warndtdom.de\/?page_id=332"},"modified":"2015-07-13T02:53:04","modified_gmt":"2015-07-13T00:53:04","slug":"spenden","status":"publish","type":"page","link":"http:\/\/warndtdom.de\/?page_id=332","title":{"rendered":"Spenden"},"content":{"rendered":"<p>Vor mehr als 100 Jahren hat die Lauterbacher Bev\u00f6lkerung den Bau ihrer neuen Kirche durch ein unfassbares ehrenamtliches Engagement erm\u00f6glicht und vorangetrieben. Jeder Einzelne hat damals gro\u00dfe finanzielle Opfer gebracht und zudem in seiner Freizeit auf ganz individuelle Art und Weise beim Bau mit angepackt. Nur so konnte diese imposante Kirche &#8211; Der Warndtdom &#8211; in einer Bauzeit von nur zwei Jahren entstehen. F\u00fcr heutige Verh\u00e4ltnisse einfach unvorstellbar!<\/p>\n<p>Heute liegt es nun an uns dieses pr\u00e4chtige Bauwerk unserer Vorfahren zu erhalten und zu pflegen. Und wie das mit denkmalgesch\u00fctzten alten Kirchen nunmal so ist, nagt auch hier der Zahn der Zeit an vielen Stellen.<\/p>\n<p>Kleinere Reparaturen konnten bisher &#8211; Gott sei Dank &#8211; mit den wenigen ehrenamtlichen Helfern durchgef\u00fchrt werden. Doch es gibt auch gr\u00f6\u00dfere Baustellen, f\u00fcr die wir professionelle Firmen beauftragen m\u00fcssen.<img loading=\"lazy\" decoding=\"async\" class=\"alignright size-thumbnail wp-image-339\" title=\"spende\" src=\"http:\/\/www.warndtdom.de\/wp-content\/uploads\/spende-150x150.jpg\" alt=\"\" width=\"150\" height=\"150\" \/><\/p>\n<p>F\u00fcr diese dringend ben\u00f6tigten Reparaturen suchen wir spendenbereite Menschen, denen der Erhalt dieser Kirche ebenso am Herzen liegt wie so vielen von uns.<\/p>\n<p><strong>Bitte spenden Sie f\u00fcr die Erhaltung und die Pflege des Warndtdoms St. Paulinus in Lauterbach.<\/strong><\/p>\n<p><span style=\"text-decoration: underline;\">Spendenkonto:<\/span><br \/>\nKonto.-Nr.: 2300057600<br \/>\nKreditinstitut: Volksbank Saarlouis<br \/>\nBankleitzahl: 593 901 00<br \/>\nVerwendungszweck: &#8222;<em>Spende Warndtdom St. Paulinus Lauterbach<\/em>&#8220;<\/p>\n<p><span style=\"text-decoration: underline;\">Spendenumschl\u00e4ge:<\/span><br \/>\nBei den beiden Haupteing\u00e4ngen des Warndtdoms finden Sie unsere Spendenumschl\u00e4ge. Ihre Spende k\u00f6nnen Sie in diesen Umschlag stecken und bei den Gottesdienst-Kollekten abgeben. Alternativ k\u00f6nnen Sie Ihren Umschlag aber auch jederzeit im kath. Pfarramt &#8222;Herz Jesu Ludweiler, Spessartstr. 2, 66333 V\u00f6lklingen-Ludweiler&#8220; einwerfen.<\/p>\n<p>Wenn Sie gerne Ihren eigenen Briefumschlag verwenden m\u00f6chten, dann versehen Sie ihn bitte mit der Aufschrift &#8222;<em>Meine Spende f\u00fcr die Pflege und Erhaltung des Warndtdoms St. Paulinus Lauterbach<\/em>&#8222;.<\/p>\n<p>Eine Spendenbescheinigung wird auf Wunsch gerne ausgestellt, sofern Sie dies vermerken.<\/p>\n<p><span style=\"text-decoration: underline;\"><strong>Herzlichen Dank f\u00fcr Ihre Unterst\u00fctzung !!!<\/strong><\/span><\/p>\n<p>&nbsp;<\/p>\n","protected":false},"excerpt":{"rendered":"<p>Vor mehr als 100 Jahren hat die Lauterbacher Bev\u00f6lkerung den Bau ihrer neuen Kirche durch ein unfassbares ehrenamtliches Engagement erm\u00f6glicht und vorangetrieben. Jeder Einzelne hat damals gro\u00dfe finanzielle Opfer gebracht und zudem in seiner Freizeit auf ganz individuelle Art und &hellip; <a href=\"http:\/\/warndtdom.de\/?page_id=332\">Weiterlesen <span class=\"meta-nav\">&rarr;<\/span><\/a><\/p>\n","protected":false},"author":1,"featured_media":0,"parent":0,"menu_order":0,"comment_status":"closed","ping_status":"closed","template":"","meta":{"ngg_post_thumbnail":0,"footnotes":""},"class_list":["post-332","page","type-page","status-publish","hentry"],"_links":{"self":[{"href":"http:\/\/warndtdom.de\/index.php?rest_route=\/wp\/v2\/pages\/332","targetHints":{"allow":["GET"]}}],"collection":[{"href":"http:\/\/warndtdom.de\/index.php?rest_route=\/wp\/v2\/pages"}],"about":[{"href":"http:\/\/warndtdom.de\/index.php?rest_route=\/wp\/v2\/types\/page"}],"author":[{"embeddable":true,"href":"http:\/\/warndtdom.de\/index.php?rest_route=\/wp\/v2\/users\/1"}],"replies":[{"embeddable":true,"href":"http:\/\/warndtdom.de\/index.php?rest_route=%2Fwp%2Fv2%2Fcomments&post=332"}],"version-history":[{"count":15,"href":"http:\/\/warndtdom.de\/index.php?rest_route=\/wp\/v2\/pages\/332\/revisions"}],"predecessor-version":[{"id":828,"href":"http:\/\/warndtdom.de\/index.php?rest_route=\/wp\/v2\/pages\/332\/revisions\/828"}],"wp:attachment":[{"href":"http:\/\/warndtdom.de\/index.php?rest_route=%2Fwp%2Fv2%2Fmedia&parent=332"}],"curies":[{"name":"wp","href":"https:\/\/api.w.org\/{rel}","templated":true}]}}