{"id":32,"date":"2011-11-11T21:11:47","date_gmt":"2011-11-11T20:11:47","guid":{"rendered":"http:\/\/www.warndtdom.de\/?page_id=32"},"modified":"2019-12-17T13:15:48","modified_gmt":"2019-12-17T12:15:48","slug":"geschichte","status":"publish","type":"page","link":"http:\/\/warndtdom.de\/?page_id=32","title":{"rendered":"Gr\u00fcndung der Pfarrei"},"content":{"rendered":"<p>Die erste kirchliche Heimat hatten die Lauterbacher Katholiken in der kath. Kirchengemeinde Creutzwald im benachbarten Frankreich. Sie feierten die Gottesdienste, mussten sich aber auch an den Kosten von kirchlichem Leben beteiligen. Nach den neuen Regelungen durch das Konkordat von 1801 zwischen Napoleon Bonaparte und Papst Pius VII. wurde Lauterbach Filiale der neugegr\u00fcndeten trierischen Pfarrei St. Barbara in Emmersweiler. Ein sehr schlechter Tausch f\u00fcr die Katholiken, so dass die Bisch\u00f6fe von Trier und Metz \u00fcbereinkamen, dass die Katholiken aus Lauterbach, weiterhin in Creutzwald am pfarrlichen und kirchlichen Leben teilnahmen. Sicherlich nicht die beste L\u00f6sung und so kam es in den n\u00e4chsten Jahren und Jahrzehnten zu Spannungen und Problemen. Der Wunsch nach einer eigenen Kirche und eigenen pfarrlichen Rechten wurde immer gr\u00f6\u00dfer. Im Juli 1855 ordnete der preu\u00dfische K\u00f6nig Friedrich Wilhelm VI. an, dass in Lauterbach ein &#8222;katholisches Pfarrsystem&#8220; zu errichten und der Pfarrer entsprechend der staatlichen Besoldung zu entlohnen sei. Hinzu kam ein &#8222;k\u00f6nigliches Gnadengeschenk&#8220; von 3000 Talern zum Bau der Kirche und des Pfarrhauses.<\/p>\n<p><img loading=\"lazy\" decoding=\"async\" class=\"alignleft size-full wp-image-139\" title=\"Bischof_Arnoldi\" src=\"http:\/\/www.warndtdom.de\/wp-content\/uploads\/Bischof_Arnoldi.jpg\" alt=\"\" width=\"103\" height=\"123\"\/>Wilhelm Arnoldi, Bischof von Trier, geb. 4. Jan. 1798 zu Badem bei Bitburg in der Eifel, besuchte das Priesterseminar in Trier, empfing 1821 die Priesterweihe und erhielt bald darauf eine Professur der orientalischen Sprachen und der geistlichen Beredsamkeit am Priesterseminar zu Trier, die er jedoch 1826 mit der Pfarrei zu Laufeld in der Eifel vertauschte, von wo er 1831 als Stadtpfarrer nach Wittlich, 1834 als Domprediger und Domkapitular nach Trier berufen wurde.<\/p>\n<p style=\"text-align: left;\">Seiner Wahl zum Bischof 1839 verweigerte die Regierung die Best\u00e4tigung, weil W. Arnoldi in der Frage der Mischehen als Gegner derselben aufgetreten war, und genehmigte erst<br \/>\nunter Friedrich Wilhelm IV. eine zweite Wahl 1842. Am 18. Sept. 1842 geweiht und inthronisiert zeigte er sich streng kirchlich, beg\u00fcnstigte die Stiftung von Kl\u00f6stern und stellte die Disziplin des Klerus wieder her. Gro\u00dfes Aufsehen erregte die von ihm 1844 veranstaltete Ausstellung des ungen\u00e4hten Rockes Christi, welche den Anlass zur deutsch-katholischen Bewegung gab. Indes handelte Bischof W. Arnoldi dabei ohne Nebenabsichten aus rein religi\u00f6sen Motiven, wie er denn ein argloses, reines Gem\u00fct besa\u00df. F\u00fcr kirchliche Kunst zeigte er hohes Interesse. Bischof Wilhelm Arnoldi starb am 7. Jan. 1864.<\/p>\n<p>Von kirchlicher Seite kam der Trierer Bischof Dr. W. Arnoldi am 26. Mai 1856 in die Filiale Lauterbach um u.a. den Bauplatz f\u00fcr die neue Kirche und das Pfarrhaus zu begutachten. Mit Wirkung vom 28. Oktober 1856 war es dann soweit: Die kath. Kirchengemeinde St. Paulinus in Lauterbach wurde durch den Bischof Wilhelm Arnoldi gegr\u00fcndet. Ein Blick in die Abschrift der Gr\u00fcndungsurkunde gibt Einblick in die Notwendigkeit dieser Gr\u00fcndung.<\/p>\n<hr \/>\n<p style=\"text-align: center;\"><strong>Errichtung der Pfarrei Lauterbach St. Paulinus am 28. Oktober 1856<\/strong><\/p>\n<p style=\"text-align: center;\"><strong><em>Textabdruck der Errichtungsurkunde.<\/em><\/strong><br \/>\n<strong><em>(aus: Kirchliches Amtsblatt des Bistums Trier, Jahrgang 1858 S. 70 &#8211; 71)<\/em><\/strong><\/p>\n<p><em>Litterae dismembrationis Ecclesiae filialis in Lauterbach atque erectionis ejusdem in Ecclesiam parochialem.<\/em><\/p>\n<p style=\"text-align: center;\"><em>Guilelmus Arnoldi, Miseratione divina et Sanctae Sedis Apostollcae gratia, Episcopus Trevirensis, Ss. Theologiae Doctor, Omnisbus et Singulis praesentes litteras lecturis salutem in Domino.<\/em><\/p>\n<p style=\"text-align: center;\"><em>Officii Nostri Episcopalis postulat sollicitudo, ut pro indigentia Communitatum de propriis Sacerdotibus provideatur, quatenus non solum cultus divinus augeatur, sed et cura animarum maiori promptitudine et diligentiori observantia exerceri possit, atque sic animarum saluti et tranquillitati publicae prospiciatur.<\/em><\/p>\n<p style=\"text-align: center;\"><em>Cum itaque pro parte Communitatis in Lauterbach, quae hucusque filialis parochiae Emmersweiler extiterat, Nobis expositum sit, quod pagus ultra sexcentos septuaginta quinque fideles in eo commorantes numeret, atque duabus leucis ab ecclesia parochiali Emmersweiler distet, ideoque proprio sacerdote indigeat ; cum insuper propria quoque ecclesia omnibus ad cultum divinum peragendum neccessariis instructa, ac domus pro sacerdote ibi deserviente ex munificentia regia de novo erigantur ac aedificentur : Nos accedente Venerabilis Capituli Nostri cathedralis assensu, praefatam Communitatem in Lauterbach, parochiae Emmersweiler filialem, in Ecclesiam parochialem sub titulo Sancti Paulini, Episcopi Trevirensis et Martyris erigimus, ipsique omnia iura et privilegia parochialia concedimus, approbantes, confirmantes et assignantes pro Congrua seu Competentia futuri parochi in Lauterbach praeter iura stolae usu ibidem introducta, tam reditus illos, quos aerarium publicum parocho solvit, et qui ad centum triginta et unum Thalerum septem grossos argenteos et sex Pfenningos excurrunt, quam quos communitas ipsa ei tribuere se obligavit.<\/em><\/p>\n<p><em>In quorum fidem hoc praesens instrumentum publicum erigi curavimus, propria manu subsignavimus et sigillo Nostro Episcopali maiori communiri iussimus.<\/em><\/p>\n<p><em>Treviris di vigesimo octavo mensis Octobris, anno Domini millesimo octingentesimo quinquagesimo sexto.<\/em><\/p>\n<p><em>(+) Guilemus Episcopus Trevir.<\/em><\/p>\n<hr \/>\n<p style=\"text-align: left;\">Bereits im Jahre 1900 wurde der Bauverein f\u00fcr den Neubau der Pfarrkirche gegr\u00fcndet um Geld zu sammeln. Der Bauantrag wurde 1911 gestellt und genehmigt. Am 02. Juli 1911 erfolgte die Grundsteinlegung, am 27 Juli 1912 war der Rohbau fertig, am 01. September 1912 wurde die Einsegnung der neuen Kirche gefeiert. Konsekriert wurde sie am 22. Mai 1919 durch Bischof Michael Felix Korum. Seit der ersten Nutzung als Gotteshaus bis in diese Tage wurde die Kirche und ihr Innenraum immer wieder ver\u00e4ndert und dem Geschmack der Zeit angepasst. Jede Zeit hat ihre Spuren nachdr\u00fccklich und einmalig hinterlassen. Das heutige, imposante Erscheinungsbild des &#8222;Warndtdoms&#8220; im Inneren ist u.a. auf die gro\u00dfe, gegl\u00fcckte Renovierung Anfang der neuziger Jahre des letzten Jahrhunderts zur\u00fcckzuf\u00fchren.<\/p>\n<p>Das erste Gel\u00e4ute musste im 1. Weltkrieg abgegeben werden, zwischen den Kriegen gab es einen bescheidenen Ersatz. Seit 1951 erklingt das heutige prachtvolle vierstimmige Gel\u00e4ut und ruft die Gl\u00e4ubigen zum Gottesdienst in den &#8222;Warndtdom&#8220;.<\/p>\n<p>Die Orgel wurde 1931 durch die Weltfirma Sp\u00e4th in der Kirche eingebaut. Sie wurde in den letzten Jahren renoviert und umfasst 38 Register auf drei Manuale verteilt.<\/p>\n<p>Im August 1857 wurde der Grundstein zur ersten Kirche gelegt, ihre Einsegnung erfolgte am 28. August 1860. Mehr als 50 Jahre diente dieses Geb\u00e4ude den Lauterbachern als Kirche. Nach dem Neubau des Gotteshauses wurde das Geb\u00e4ude zum Schulhaus umgebaut und 1980 wurde es abgerissen.<\/p>\n<p>Seit dem Weggang von Pfarrer Otto Mansion im Jahre 1980 m\u00fcssen sich die Lauterbacher Katholiken ihre Pfarrer mit anderen Gemeinden teilen. Von 1980 &#8211; 1988 waren Lauterbach und Ludweiler zusammen. In dieser Zeit standen dem Pfarrer u.a. Kapl\u00e4ne (Manfred T\u00fcx und Gerhard Jacob), Diakone (Lothar Wilhelm und Manfred Weber) sowie Gemeindereferentin (Martha Trenz) in der Seelsorge zur Seite. Von 1988 &#8211; 2005 bildete die Kirchengemeinde Lauterbach mit der Pfarrei Herz Mariae in Dorf im Warndt eine Seelsorgeeinheit. Als Hilfe standen, neben einigen Pastoralpraktikanten f\u00fcr einige Wochen, u.a. Diakone (Ulrich Sch\u00e4fer und Peter Leick) mit in der Seelsorge vor Ort. In der Dienstzeit von Pfarrer Weilhammer wurde am 10. Juli 2005 die &#8222;Pfarreiengemeinschaft Lauterbach &#8211; Ludweiler &#8211; Geislautern&#8220; mit insgesamt 7300 Katholiken in 3 Pfarreien errichtet. Am 01.09.2011 wurde unter Pfarrer Altmeyer die neue &#8222;Pfarreiengemeinschaft Warndt&#8220; mit nahezu 17.000 Katholiken gegr\u00fcndet.<\/p>\n<p>Dreimal erklangen die Glocken von St. Paulinus um zur &#8222;Primiz&#8220; zu rufen. &#8222;Primiz feiern&#8220;, d.h. ein neugeweihter Priester feiert zum ersten Mal in seiner Heimatkirche und mit seiner Heimatgemeinde die Eucharistie. Dieses besondere Ereignis feierte 1938 der bereits verstorbene Pater Josef Zimmer, 1972 Roland Senzig (z.Zt. Kooperator in Schmelz) und 1989 Heinz Haser (Pfarrer und Dechant in Bous). Marianne K\u00fchn und Katharina Detemple haben sich als Ordensfrauen Christus in besonderer Weise geweiht.<\/p>\n<p>M\u00f6ge der &#8222;Warndtdom&#8220; in seiner markanten baulichen und bildlichen Ausdruckskraft,&#8230; m\u00f6gen die Menschen, die in dieser Kirche St. Paulinus lebendig und froh Gottesdienst feiern,&#8230; m\u00f6gen die vielen Christen vor Ort mit der gelebten Botschaft der Liebe Gottes viel dazu beitragen, dass das Leben auch in der ver\u00e4nderten Zukunft in Lauterbach lebenswert bleibt.<\/p>\n<hr \/>\n<p style=\"text-align: center;\"><strong><em>Bisch\u00f6fliches Schreiben \u00fcber die Ausgliederung der<br \/>\nFilialkirche in Lauterbach und ihre<\/em><\/strong> <strong><em>Erhebung zur Pfarrei<\/em><\/strong><\/p>\n<p style=\"text-align: center;\"><em>Wilhelm Arnoldi durch Gottes Erbarmen und des Heiligen apostolischen Stuhles Gnade, Bischof von Trier und Doktor der Heiligen Theologie, Heil und Segen im Herrn allen und jedem einzelnen, der die vorliegende Urkunde liest.<\/em><\/p>\n<p style=\"text-align: center;\"><em>Die Sorgfalt bei der Aus\u00fcbung unseres bisch\u00f6flichen Amtes verlangt es,<br \/>\nentsprechend den<\/em> <em>Erfordernissen in den Gemeinden f\u00fcr eigene<br \/>\nPriester zu sorgen, damit nicht nur die Verehrung<\/em> <em>Gottes<br \/>\nvertieft, sondern auch die Seelsorge wirkungsvoller<br \/>\nund umfassender durchgef\u00fchrt<\/em> <em>werden kann und so<br \/>\ndas Wohl der Gl\u00e4ubigen gew\u00e4hrleistet ist<br \/>\nund geordnete Verh\u00e4ltnisse<\/em><br \/>\n<em>bestehen.<\/em><\/p>\n<p style=\"text-align: center;\"><em>Was den Teil der Kirchengemeinde in Lauterbach betrifft,<br \/>\nder bis zu diesem Zeitpunkt<\/em> <em>Filialkirche Emmersweiler war,<br \/>\nwurde uns dargelegt, dass der Ort 675 Gl\u00e4ubige z\u00e4hlt,<br \/>\nzwei<\/em> <em>Meilen von der Pfarrei Emmersweiler entfernt liegt<br \/>\nund somit eines eigenen Pfarrers bedarf.<\/em><br \/>\n<em>Dar\u00fcber hinaus wird auch eine eigene Kirche mit allem f\u00fcr den Gottesdienst Notwendigem<\/em><br \/>\n<em>und ein Wohnsitz f\u00fcr den dort Dienst tuenden Priester aufgrund gro\u00dfz\u00fcgiger Spenden neu<\/em><br \/>\n<em>eingerichtet und gebaut.<\/em><\/p>\n<p style=\"text-align: center;\"><em>Deshalb erheben wir mit Zustimmung unseres hochw\u00fcrdigen Domkapitels die oben erw\u00e4hnte<\/em> <em>Kirchengemeinde in Lauterbach,<br \/>\nFilialkirche von Emmersweiler, zur Pfarrei mit dem<\/em><br \/>\n<em>Namen des Heiligen Paulinus, Bischofs von Trier und M\u00e4rtyrers,<br \/>\nund gew\u00e4hren ihr alle<\/em> <em>Rechte und Privilegien einer Pfarrei.<\/em><\/p>\n<p style=\"text-align: center;\"><em>Wir billigen, anerkennen und setzen &#8211; anstelle von Pfr\u00fcndeneinkommen oder sonstigen<\/em><br \/>\n<em>Rechtsanspr\u00fcchen des kommenden Pfarrers in Lauterbach und abgesehen von den Stolgeb\u00fchren,<\/em> <em>wie sie dort \u00fcblich sind &#8211; ein Einkommen fest,<br \/>\ndas die Staatskasse einem Pfarrer<\/em> <em>zahlt und sich auf 131 Taler,<br \/>\n7 Silbergroschen und 6 Pfennige bel\u00e4uft. Die Kirchengemeinde<\/em><br \/>\n<em>selbst verpflichtet sich dementsprechend es ihm zuzuweisen.<\/em><\/p>\n<p style=\"text-align: center;\"><em>Im Vertrauen darauf haben wir diese vorliegende Urkunde erstellen lassen, mit eigener<\/em><br \/>\n<em>Hand unterzeichnet und mit unserem amtlichen bisch\u00f6flichen Siegel beglaubigen lassen.<\/em><\/p>\n<p style=\"text-align: center;\"><em>Trier, den 28. Oktober im Jahr des Herrn 1856<\/em><\/p>\n<p style=\"text-align: center;\"><em>(+) Wilhelm, Bischof von Trier<\/em><\/p>\n","protected":false},"excerpt":{"rendered":"<p>Die erste kirchliche Heimat hatten die Lauterbacher Katholiken in der kath. Kirchengemeinde Creutzwald im benachbarten Frankreich. Sie feierten die Gottesdienste, mussten sich aber auch an den Kosten von kirchlichem Leben beteiligen. Nach den neuen Regelungen durch das Konkordat von 1801 &hellip; <a href=\"http:\/\/warndtdom.de\/?page_id=32\">Weiterlesen <span class=\"meta-nav\">&rarr;<\/span><\/a><\/p>\n","protected":false},"author":1,"featured_media":0,"parent":0,"menu_order":0,"comment_status":"closed","ping_status":"closed","template":"","meta":{"ngg_post_thumbnail":0,"footnotes":""},"class_list":["post-32","page","type-page","status-publish","hentry"],"_links":{"self":[{"href":"http:\/\/warndtdom.de\/index.php?rest_route=\/wp\/v2\/pages\/32","targetHints":{"allow":["GET"]}}],"collection":[{"href":"http:\/\/warndtdom.de\/index.php?rest_route=\/wp\/v2\/pages"}],"about":[{"href":"http:\/\/warndtdom.de\/index.php?rest_route=\/wp\/v2\/types\/page"}],"author":[{"embeddable":true,"href":"http:\/\/warndtdom.de\/index.php?rest_route=\/wp\/v2\/users\/1"}],"replies":[{"embeddable":true,"href":"http:\/\/warndtdom.de\/index.php?rest_route=%2Fwp%2Fv2%2Fcomments&post=32"}],"version-history":[{"count":6,"href":"http:\/\/warndtdom.de\/index.php?rest_route=\/wp\/v2\/pages\/32\/revisions"}],"predecessor-version":[{"id":947,"href":"http:\/\/warndtdom.de\/index.php?rest_route=\/wp\/v2\/pages\/32\/revisions\/947"}],"wp:attachment":[{"href":"http:\/\/warndtdom.de\/index.php?rest_route=%2Fwp%2Fv2%2Fmedia&parent=32"}],"curies":[{"name":"wp","href":"https:\/\/api.w.org\/{rel}","templated":true}]}}