{"id":20,"date":"2011-11-11T21:09:37","date_gmt":"2011-11-11T20:09:37","guid":{"rendered":"http:\/\/www.warndtdom.de\/?page_id=20"},"modified":"2012-02-21T21:17:37","modified_gmt":"2012-02-21T20:17:37","slug":"das-grubenungluck-von-1876","status":"publish","type":"page","link":"http:\/\/warndtdom.de\/?page_id=20","title":{"rendered":"Das Grubenungl\u00fcck von 1876"},"content":{"rendered":"<p><strong>St. Johanner Zeitung, 16. Jahrgang, vom 09.07.1876<\/strong><\/p>\n<p><img loading=\"lazy\" decoding=\"async\" class=\"alignleft size-full wp-image-240\" title=\"Denkmal\" src=\"http:\/\/www.warndtdom.de\/wp-content\/uploads\/denkmal.jpg\" alt=\"\" width=\"300\" height=\"400\" srcset=\"http:\/\/warndtdom.de\/wp-content\/uploads\/denkmal.jpg 300w, http:\/\/warndtdom.de\/wp-content\/uploads\/denkmal-225x300.jpg 225w\" sizes=\"auto, (max-width: 300px) 100vw, 300px\" \/><\/p>\n<p>Ein schreckliches Ungl\u00fcck hat sich in der Nacht vom 05. zum 06. Juli 1876 im Bergwerk Spittel ereignet. Schlagende Wetter t\u00f6teten 35 Bergleute auf der Stelle, w\u00e4hrend 50 verletzt worden sind, von denen mehrere bereits verstorben sind. Die Beerdigung erfolgte heute. Die Verwundeten mussten, da in Spittel sich kein Krankenhaus befindet in ihre Wohnungen verbracht werden. Es sind fast alle D\u00f6rfer in der Umgebung in Mitleidenschaft gezogen worden. Wie hart manche Gemeinde getroffen wurde, geht aus dem Beispiel Lauterbach hervor in der allein 18 Tote beklagt werden. \u00c4rztliche Hilfe war zur Unterst\u00fctzung des Grubenarztes Dr. Gille bald vorhanden durch die Milit\u00e4r-Assistenz\u00e4rzte aus Forbach Dr. Weber und Dr. Spiess, sowie ein Arzt aus V\u00f6lklingen.<\/p>\n<p><strong>Das Denkmal<\/strong><br \/>\nDas Denkmal hinter der Kirche geh\u00f6rt zu dem ehemaligen alten Friedhof, auf den die Lauterbacher Kirche gebaut wurde. Von dem Bildhauer Guldner von Berus in neogotischem Stil erbaut, erinnert es an das oben beschriebene Grubenungl\u00fcck. Bemerkenswert sind an diesem Denkmal die Wappenschilder des k\u00f6niglich-preu\u00dfischen Bergbaus, eine K\u00f6nigskrone, darunter gekreuzte Schlegel und Eichenlaub.<\/p>\n","protected":false},"excerpt":{"rendered":"<p>St. Johanner Zeitung, 16. Jahrgang, vom 09.07.1876 Ein schreckliches Ungl\u00fcck hat sich in der Nacht vom 05. zum 06. Juli 1876 im Bergwerk Spittel ereignet. Schlagende Wetter t\u00f6teten 35 Bergleute auf der Stelle, w\u00e4hrend 50 verletzt worden sind, von denen &hellip; <a href=\"http:\/\/warndtdom.de\/?page_id=20\">Weiterlesen <span class=\"meta-nav\">&rarr;<\/span><\/a><\/p>\n","protected":false},"author":1,"featured_media":0,"parent":0,"menu_order":0,"comment_status":"closed","ping_status":"closed","template":"","meta":{"ngg_post_thumbnail":0,"footnotes":""},"class_list":["post-20","page","type-page","status-publish","hentry"],"_links":{"self":[{"href":"http:\/\/warndtdom.de\/index.php?rest_route=\/wp\/v2\/pages\/20","targetHints":{"allow":["GET"]}}],"collection":[{"href":"http:\/\/warndtdom.de\/index.php?rest_route=\/wp\/v2\/pages"}],"about":[{"href":"http:\/\/warndtdom.de\/index.php?rest_route=\/wp\/v2\/types\/page"}],"author":[{"embeddable":true,"href":"http:\/\/warndtdom.de\/index.php?rest_route=\/wp\/v2\/users\/1"}],"replies":[{"embeddable":true,"href":"http:\/\/warndtdom.de\/index.php?rest_route=%2Fwp%2Fv2%2Fcomments&post=20"}],"version-history":[{"count":3,"href":"http:\/\/warndtdom.de\/index.php?rest_route=\/wp\/v2\/pages\/20\/revisions"}],"predecessor-version":[{"id":402,"href":"http:\/\/warndtdom.de\/index.php?rest_route=\/wp\/v2\/pages\/20\/revisions\/402"}],"wp:attachment":[{"href":"http:\/\/warndtdom.de\/index.php?rest_route=%2Fwp%2Fv2%2Fmedia&parent=20"}],"curies":[{"name":"wp","href":"https:\/\/api.w.org\/{rel}","templated":true}]}}