{"id":18,"date":"2011-11-11T21:09:12","date_gmt":"2011-11-11T20:09:12","guid":{"rendered":"http:\/\/www.warndtdom.de\/?page_id=18"},"modified":"2020-10-31T16:10:07","modified_gmt":"2020-10-31T15:10:07","slug":"chronik","status":"publish","type":"page","link":"http:\/\/warndtdom.de\/?page_id=18","title":{"rendered":"Chronik"},"content":{"rendered":"<p><strong>1707<\/strong><\/p>\n<p><img loading=\"lazy\" decoding=\"async\" class=\"alignleft size-full wp-image-97\" title=\"Kath. Kirche in Creutzwald \/ Frankreich\" src=\"http:\/\/www.warndtdom.de\/wp-content\/uploads\/creutzwald.jpg\" alt=\"\" width=\"150\" height=\"200\"\/>Der Ort Lauterbach wird gegr\u00fcndet. Von der geographischen Lage der h\u00e4tten sich die ersten Lauterbacher, alle Katholiken, einer katholischen Pfarrei im Warndt anschlie\u00dfen m\u00fcssen. Jedoch der weitaus k\u00fcrzere Weg von einer halben Stunde war der Grund daf\u00fcr, die Katholiken Lauterbachs dem Metzer Bischof Heinrich Carl du Combout des Coislin zu unterstellen, der sie als Filialort der Lauterbach zun\u00e4chst gelegenen Pfarrei Creutzwald in Lothringen eingliederte. Alle Gottesdienste, Taufen, Hochzeiten und Beerdigungen fanden in den nachfolgenden 95 Jahren in Creutzwald statt.<\/p>\n<hr \/>\n<p><strong>1801<\/strong><\/p>\n<p><img loading=\"lazy\" decoding=\"async\" class=\"alignleft wp-image-917\" title=\"Alte Pfarrkirche St. Barbara in Emmersweiler\" src=\"http:\/\/warndtdom.de\/wp-content\/uploads\/emmersweiler.jpg\" alt=\"\" width=\"139\" height=\"227\"\/><\/p>\n<p>Nach den neuen Regelungen durch das Konkordat von 1801 zwischen Napoleon Bonaparte und Papst Pius VII. wurde Lauterbach Filiale der neugegr\u00fcndeten trierischen Pfarrei St. Barbara in Emmersweiler. Ein sehr schlechter Tausch f\u00fcr die Katholiken, so dass die Bisch\u00f6fe von Trier und Metz \u00fcbereinkamen, dass die Katholiken aus Lauterbach, weiterhin in Creutzwald (im jetzigen Frankreich) am pfarrlichen und kirchlichen Leben teilnahmen. Sicherlich nicht die beste L\u00f6sung und so kam es auch in den n\u00e4chsten Jahren und Jahrzehnten zu Spannungen und Problemen. Der Wunsch nach einer eigenen Kirche und eigenen pfarrlichen Rechten wurde immer gr\u00f6\u00dfer.<\/p>\n<hr \/>\n<p><strong>1855<\/strong><\/p>\n<p><img loading=\"lazy\" decoding=\"async\" class=\"alignleft wp-image-918 size-full\" title=\"Friedrich Wilhelm IV. von Preu\u00dfen\" src=\"http:\/\/warndtdom.de\/wp-content\/uploads\/Friedrich_Wilhelm_IV_von_preussen_1847.jpg\" alt=\"\" width=\"220\" height=\"283\"\/>Im Juli 1855 ordnete der preu\u00dfische K\u00f6nig Friedrich Wilhelm IV. an, dass in Lauterbach ein \u201ekatholisches Pfarrsystem\u201c zu errichten sei und der Pfarrer entsprechend der staatlichen Besoldung zu entlohnen sei. Hinzu kam ein \u201ek\u00f6nigliches Gnadengeschenk\u201c von 3000 Taler zum Bau der Kirche und des Pfarrhauses. Von kirchlicher Seite kam der <a href=\"http:\/\/warndtdom.de\/?page_id=932\">Trierer Bischof Dr. W. Arnoldi<\/a> am 26. Mai 1856 in die Filiale Lauterbach um u.a. den Bauplatz f\u00fcr die neue Kirche und das Pfarrhaus zu begutachten. Mit Wirkung vom 28. Oktober 1856 war es dann soweit, die kath. Kirchengemeinde St. Paulinus in Lauterbach wurde durch den Bischof Wilhelm Arnoldi gegr\u00fcndet.<\/p>\n<p><a href=\"http:\/\/warndtdom.de\/?page_id=925\">Errichtungsurkunde lesen<\/a><\/p>\n<hr \/>\n<p><strong>1857<\/strong><\/p>\n<p><img loading=\"lazy\" decoding=\"async\" class=\"alignleft size-full wp-image-99\" title=\"Erste Lauterbacher Kirche\" src=\"http:\/\/www.warndtdom.de\/wp-content\/uploads\/Alte_kirche.jpg\" alt=\"\" width=\"200\" height=\"137\"\/>Pfarrer Orth &#8211; damals Seelsorger f\u00fcr Emmersweiler und Lauterbach &#8211; betrieb mit aller Macht den Bau der ersten Lauterbacher Kirche und des Pfarrhauses. Die Grundsteinlegung erfolgte am 27.08.1857. Die feierliche Einsegnung war am 28.08.1860.<\/p>\n<p>&nbsp;<\/p>\n<hr \/>\n<p><strong>1860<\/strong><\/p>\n<p><img loading=\"lazy\" decoding=\"async\" class=\"alignleft size-full wp-image-102\" title=\"Julius Moll\" src=\"http:\/\/www.warndtdom.de\/wp-content\/uploads\/moll.jpg\" alt=\"\" width=\"128\" height=\"200\"\/>Am 14.09.1860 fand die Einf\u00fchrung des ersten Lauterbacher Pastors, <strong>Julius Moll<\/strong>, statt, der 36 Jahre in der Pfarrei segensreich arbeitete bis zu seinem Tode am 29.02.1896. Wie tief die ganze Lauterbacher Gemeinde um ihn trauerte, zeigte die Tatsache, da\u00df die Pfarrkinder ihren toten Seelsorger durch alle Stra\u00dfen des Ortes trugen, ehe sie ihm auf ihrem Gottesacker sein Grab bereiteten.<\/p>\n<p>&nbsp;<\/p>\n<p>&nbsp;<\/p>\n<hr \/>\n<p><strong>1876<\/strong><\/p>\n<p><img loading=\"lazy\" decoding=\"async\" class=\"alignleft size-full wp-image-103\" title=\"Denkmal des Grubenungl\u00fccks\" src=\"http:\/\/www.warndtdom.de\/wp-content\/uploads\/grube.jpg\" alt=\"\" width=\"150\" height=\"200\"\/>Ein schweres Grubenungl\u00fcck ereignet sich am 05.07.1876<br \/>in Spittel\/Frankreich. Durch eine Schlagwetterexplosion kamen 42 Bergleute um, davon alleine 26 aus Lauterbach. Zur letzten Ruhe wurden sie unter gro\u00dfer Trauer und Anteilnahme der ganzen Umgebung auf dem alten Friedhof beigesetzt. Ein Denkmal \u00fcber dem Grab der Bergknappen h\u00e4lt ihr Andenken in der Gemeinde wach.<\/p>\n<p>(<a title=\"Bericht zum Grubenungl\u00fcck\" href=\"http:\/\/www.warndtdom.de\/?page_id=20\">Bericht lesen<\/a>)<\/p>\n<hr \/>\n<p><strong>1896<\/strong><\/p>\n<p>Als zweiter Pastor von Lauterbach wurde am 25.10.1896 Johann Jodokus Sebastian eingef\u00fchrt. Er betreute die Pfarrgemeinde bis zum 17.02.1907.<br \/>Insbesondere war sein Verdienst die Gr\u00fcndung des Bauvereins. Er hatte dadurch dem Nachfolger zum Bau der neuen Kirche schon eine ansehliche Summe zusammengebracht.<\/p>\n<hr \/>\n<p><strong>1907<\/strong><\/p>\n<p><img loading=\"lazy\" decoding=\"async\" class=\"alignleft size-full wp-image-104\" title=\"Pfarrer Wagner\" src=\"http:\/\/www.warndtdom.de\/wp-content\/uploads\/wagner.jpg\" alt=\"\" width=\"127\" height=\"200\"\/>Am 22.04.1907 \u00fcbernimmt Pfarrer Robert Wagner als dritter Pastor von Lauterbach die Pfarrgemeinde. Mit jugendlicher Kraft und Energie ging er an die ihm gestellte Aufgabe eines Kirchenneubaues heran, da die erste Kirche durch die stark anwachsende Seelenzahl (1900 hatte der Ort 1.275 und 1910 schon 1.490 Seelen) viel zu klein geworden war.<\/p>\n<p>&nbsp;<\/p>\n<p>&nbsp;<\/p>\n<hr \/>\n<p><strong>1911<\/strong><\/p>\n<p><img loading=\"lazy\" decoding=\"async\" class=\"alignleft size-full wp-image-105\" title=\"Grundsteinlegung\" src=\"http:\/\/www.warndtdom.de\/wp-content\/uploads\/grundsteinlegung.jpg\" alt=\"\" width=\"200\" height=\"117\"\/><\/p>\n<p>&nbsp;<\/p>\n<p>Am 02.07.1911 war die Grundsteinlegung der neuen Lauterbacher Kirche.<\/p>\n<p>&nbsp;<\/p>\n<hr \/>\n<p><strong>1912<\/strong><\/p>\n<p><img loading=\"lazy\" decoding=\"async\" class=\"alignleft size-full wp-image-106\" title=\"Rohbau\" src=\"http:\/\/www.warndtdom.de\/wp-content\/uploads\/rohbau.jpg\" alt=\"\" width=\"200\" height=\"256\"\/><\/p>\n<p>&nbsp;<\/p>\n<p>&nbsp;<\/p>\n<p>Am 27.07.1912 konnte die Rohbauabnahme beantragt werden. Die mit 144.000 Goldmark veranschlagte Baukostensumme erh\u00f6hte sich bis zum Bauende auf 196.500 Mark.<\/p>\n<p>&nbsp;<\/p>\n<p>&nbsp;<\/p>\n<hr \/>\n<p><strong>1912<\/strong><\/p>\n<p><img loading=\"lazy\" decoding=\"async\" class=\"alignleft size-full wp-image-107\" title=\"Erste Glocke\" src=\"http:\/\/www.warndtdom.de\/wp-content\/uploads\/erste_glocke.jpg\" alt=\"\" width=\"200\" height=\"124\"\/><\/p>\n<p>&nbsp;<\/p>\n<p>Die erste der insgesamt 4 Glocken trifft an der neuen Kirche ein.<br \/><img loading=\"lazy\" decoding=\"async\" class=\"alignright size-full wp-image-108\" title=\"Kirche nach Fertigstellung\" src=\"http:\/\/www.warndtdom.de\/wp-content\/uploads\/1912.jpg\" alt=\"\" width=\"200\" height=\"153\"\/>Am 01.09.1912, am Fest des heiligen St. Paulinus, wurde die Kirche eingesegnet. Von der Grundsteinlegung dauerte es nur zwei Jahre, bis ein Werk enstand, das im gesamten Warndt seinesgleichen sucht. Konsekriert wurde die Kirche aber erst am 22.05.1919 durch Bischof Michael Felix Korum.<\/p>\n<hr \/>\n<p><strong>1917<\/strong><\/p>\n<p>Der erste Weltkrieg fordert auch von den Lauterbachern das schwere Opfer der Herausgabe ihres herrlichen Glockengel\u00e4utes.<\/p>\n<p>&#8222;<em>Mit gro\u00dfem Schmerz gingen Pfarrer und Kirchenvorstand und Arbeiter daran, unsere herrlichen Glocken abzumontieren, am 15. Juni 1917 l\u00e4uteten die Glocken zum letzten Male eine Stunde lang zum Abschiede. Mit Tr\u00e4nen in den Augen h\u00f6rten die Lauterbacher das Abschiedsl\u00e4uten.<\/em>&#8222;<\/p>\n<hr \/>\n<p><strong>1925<\/strong><\/p>\n<p><img loading=\"lazy\" decoding=\"async\" class=\"alignleft size-full wp-image-109\" title=\"Schulhaus\" src=\"http:\/\/www.warndtdom.de\/wp-content\/uploads\/alteschule.jpg\" alt=\"\" width=\"141\" height=\"200\"\/><\/p>\n<p>&nbsp;<\/p>\n<p>Am 08.10.1925 verlie\u00df Pfarrer Wagner die Pfarrstelle in Lauterbach, um nach Saarbr\u00fccken \u00fcberzusiedeln. Die ihm vom Bischof Korum gestellte Aufgabe, Kirchenneubau und Umbau der alten Kirche in eine Schule, hatte er treu erf\u00fcllt. Von nun an widmete er sich hauptamtlich der Medizin.<\/p>\n<p>&nbsp;<\/p>\n<hr \/>\n<p><img loading=\"lazy\" decoding=\"async\" class=\"alignleft size-full wp-image-110\" title=\"Pfarrer Loyo\" src=\"http:\/\/www.warndtdom.de\/wp-content\/uploads\/loyo.jpg\" alt=\"\" width=\"150\" height=\"191\"\/><\/p>\n<p>&nbsp;<\/p>\n<p>Am 25.10.1925 \u00fcbernimmt Karl Loyo als Nachfolger Pastor Wagners die Pfarrei Lauterbach. Nach noch nicht ganz dreij\u00e4hriger T\u00e4tigkeit verlie\u00df er im Februar 1928 Lauterbach und trat die Pfarrstelle in Wincheringen a.d. Mosel an.<\/p>\n<p>&nbsp;<\/p>\n<hr \/>\n<p><strong>1928<\/strong><\/p>\n<p><img loading=\"lazy\" decoding=\"async\" class=\"alignleft size-full wp-image-111\" title=\"Pfarrer Schu\" src=\"http:\/\/www.warndtdom.de\/wp-content\/uploads\/schu.jpg\" alt=\"\" width=\"200\" height=\"137\"\/>Pastor Schu wurde am Passionssonntag im Jahre 1928 als f\u00fcnfter Pastor von Lauterbach eingef\u00fchrt. Schon nach drei Jahren seines Arbeitens in Lauterbach war es ihm durch die eifrige Mitarbeit des Marienvereins, dessen Mitglieder Monat f\u00fcr Monat in gro\u00dfer Treue ihre Sammelg\u00e4nge abhielten, m\u00f6glich geworden, das sch\u00f6ne Werk der neuen Orgel anschaffen zu k\u00f6nnen.<\/p>\n<hr \/>\n<p><strong>1931<\/strong><\/p>\n<p><img loading=\"lazy\" decoding=\"async\" class=\"alignleft size-full wp-image-112\" title=\"Orgel\" src=\"http:\/\/www.warndtdom.de\/wp-content\/uploads\/orgel_82.jpg\" alt=\"\" width=\"200\" height=\"139\"\/>Die Kirche bekommt eine neue Orgel durch die Fa. Sp\u00e4th.<br \/>Mit ihren 38 Registern, verteilt auf 3 Manuale mit Pedal, mit fast 2.500 Pfeifen z\u00e4hlt diese Orgel heute zu den wenigen original erhaltenen romantischen Orgeln im Umkreis.<\/p>\n<p>&nbsp;<\/p>\n<hr \/>\n<p><strong>1935<\/strong><\/p>\n<p><img loading=\"lazy\" decoding=\"async\" class=\"alignleft size-full wp-image-113\" title=\"Grabst\u00e4tte\" src=\"http:\/\/www.warndtdom.de\/wp-content\/uploads\/grab.jpg\" alt=\"\" width=\"200\" height=\"150\"\/>Im Jahre 1935 wurde das Grab des ersten Lauterbacher Pfarrers, Julius Moll, umgebettet und befindet sich seitdem neben dem Chore der neuen Lauterbacher Kirche. Es wird auch heute noch von den Lauterbacher Pfarrkindern mit Liebe und Sorgfalt gepflegt.<\/p>\n<p>&nbsp;<\/p>\n<hr \/>\n<p><strong>1949<\/strong><\/p>\n<p><img loading=\"lazy\" decoding=\"async\" class=\"alignleft size-full wp-image-114\" title=\"Pfarrer Veauthier\" src=\"http:\/\/www.warndtdom.de\/wp-content\/uploads\/veauthier.jpg\" alt=\"\" width=\"150\" height=\"187\"\/>Pastor Veauthier tritt am 23.09.1949 sein Amt an. Kriegssch\u00e4den mu\u00dften beseitigt werden. Unter seiner Amtseinf\u00fchrung wird die Kirche innen \u00fcberstrichen. Weiterhin wurden folgende Arbeiten ausgef\u00fchrt: General\u00fcberholung der Orgel, Erneuerung der Kirchenfenster, Anschaffung einer Paulinusstatue aus Holz, Renovierung der Seitenalt\u00e4re, Installierung einer Lautsprecheranlage mit Liedanzeiger, Anschaffung einer Fatimastatue, Einbau einer neuen Kirchenheizung, Erneuerung des Kirchturmes und Teilen des Kirchendaches und Erweiterung der Au\u00dfenanlagen.<\/p>\n<hr \/>\n<p><strong>1951<\/strong><\/p>\n<p><img loading=\"lazy\" decoding=\"async\" class=\"alignleft size-full wp-image-115\" title=\"Neue Glocke\" src=\"http:\/\/www.warndtdom.de\/wp-content\/uploads\/zweite_glocke.jpg\" alt=\"\" width=\"200\" height=\"133\"\/>Die Kirche bekommt ein neues 4 stimmiges Glockengel\u00e4ut von der Glockengie\u00dferei Paccard in Annecy, Frankreich mit elektrischem L\u00e4utwerk zum Preis von 4 Millionen Franken.<\/p>\n<p>Bild: Eine Glocke des heutigen Gel\u00e4utes im Jahre 1951 am Zollhaus Lauterbach.<\/p>\n<hr \/>\n<p><strong>1956<\/strong><\/p>\n<p><img loading=\"lazy\" decoding=\"async\" class=\"alignleft size-full wp-image-116\" title=\"Turmuhr\" src=\"http:\/\/www.warndtdom.de\/wp-content\/uploads\/uhr.jpg\" alt=\"\" width=\"200\" height=\"150\"\/><\/p>\n<p>&nbsp;<\/p>\n<p>Einbau der neuen Turmuhr, die die Zivilgemeinde Lauterbach gestiftet hatte.<\/p>\n<p>&nbsp;<\/p>\n<p>&nbsp;<\/p>\n<hr \/>\n<p><strong>1970<\/strong><\/p>\n<p><img loading=\"lazy\" decoding=\"async\" class=\"alignleft size-full wp-image-117\" title=\"Pfarrer Mansion\" src=\"http:\/\/www.warndtdom.de\/wp-content\/uploads\/mansion.jpg\" alt=\"\" width=\"150\" height=\"189\"\/><\/p>\n<p>&nbsp;<\/p>\n<p>Pastor Mansion \u00fcbernimmt am 06.12.1970 die Gemeinde Lauterbachs f\u00fcr rund 10 Jahre.<\/p>\n<p>1972 wird zum ersten Mal ein Pfarrgemeinderat in Lauterbach gew\u00e4hlt.<\/p>\n<p>&nbsp;<\/p>\n<hr \/>\n<p><strong>1976<\/strong><\/p>\n<p><img loading=\"lazy\" decoding=\"async\" class=\"alignleft size-full wp-image-118\" title=\"Der Welterl\u00f6ser\" src=\"http:\/\/www.warndtdom.de\/wp-content\/uploads\/fresko.jpg\" alt=\"\" width=\"200\" height=\"131\"\/>Die \u00fcbermalten Fresken werden unter Pastor Mansion wieder freigelegt und der Altarraum neu gestaltet.<\/p>\n<p>&nbsp;<\/p>\n<p>&nbsp;<\/p>\n<hr \/>\n<p><strong>1980<\/strong><\/p>\n<p><img loading=\"lazy\" decoding=\"async\" class=\"alignleft size-full wp-image-119\" title=\"Pfarrer Hombach\" src=\"http:\/\/www.warndtdom.de\/wp-content\/uploads\/hombach_alt.jpg\" alt=\"\" width=\"150\" height=\"185\"\/>Am 09.11.1980 verl\u00e4sst Pastor Mansion die Gemeinde auf eigenen Wunsch und geht nach Orscholz. Lauterbach hat keinen eigenen Seelsorger mehr.<\/p>\n<p>Klemens Hombach, Pastor von Ludweiler, betreut im Alter von 36 Jahren die Gemeinde Lauterbach.<\/p>\n<p>&nbsp;<\/p>\n<hr \/>\n<p><strong>1980<\/strong><\/p>\n<p><img loading=\"lazy\" decoding=\"async\" class=\"alignleft size-full wp-image-120\" title=\"Pfarrer Thul\" src=\"http:\/\/www.warndtdom.de\/wp-content\/uploads\/thul.jpg\" alt=\"\" width=\"150\" height=\"182\"\/>Die nachfolgenden Pfarrer<\/p>\n<p>Erwin Rech,<br \/>Hans Maria Thul&nbsp;\u2020 (Bild) und<br \/>Hermann Lanzerath<\/p>\n<p>m\u00fcssen ebenfalls andere Nachbarpfarreien mitbetreuen.<\/p>\n<p>&nbsp;<\/p>\n<hr \/>\n<p><strong>1988 &#8211; 2005<\/strong><\/p>\n<p>Die Kirchengemeinde St. Paulinus Lauterbach bildet mit der Pfarrei Herz Mariae in Dorf im Warndt eine Seelsorgeeinheit.<\/p>\n<p>&nbsp;<\/p>\n<hr \/>\n<p><strong>2005<\/strong><\/p>\n<p><img loading=\"lazy\" decoding=\"async\" class=\"alignleft size-full wp-image-121\" title=\"Pfarrer Weilhammer\" src=\"http:\/\/www.warndtdom.de\/wp-content\/uploads\/weilhammer.jpg\" alt=\"\" width=\"150\" height=\"198\"\/>Unter der Amtszeit von Pfarrer Weilhammer wird die &#8222;Weggemeinschaft Geislautern &#8211; Ludweiler &#8211; Lauterbach&#8220; mit insgesamt 7.300 Katholiken gegr\u00fcndet. Erstmals steht nur noch ein Pfarrer f\u00fcr drei Gemeinden zur Verf\u00fcgung. Seinen Sitz beh\u00e4lt Pfarrer Weilhammer in Ludweiler.<\/p>\n<p>Er verlie\u00df die Weggemeinschaft am 24.05.2009 auf eigenen Wunsch hin.<\/p>\n<p>&nbsp;<\/p>\n<hr \/>\n<p><strong>2006<\/strong><\/p>\n<p>Die Pfarrgemeinde St. Paulinus Lauterbach feiert ihr 150 j\u00e4hriges Bestehen<\/p>\n<p>&nbsp;<\/p>\n<hr \/>\n<p><strong>2009<\/strong><\/p>\n<p><img loading=\"lazy\" decoding=\"async\" class=\"alignleft size-full wp-image-122\" title=\"Pfarrer Weber\" src=\"http:\/\/www.warndtdom.de\/wp-content\/uploads\/weber.jpg\" alt=\"\" width=\"80\" height=\"96\"\/>Die Pfarreien von Geislautern, Ludweiler und Lauterbach werden unter der Leitung von Pfarrer Weber mitbetreut. Geistliche aus V\u00f6lklingen und der Umgebung helfen bei den zahlreichen Gottesdiensten aus. Es ist die Zeit der Vakanz.<\/p>\n<p>&nbsp;<\/p>\n<hr \/>\n<p><strong>2010<\/strong><\/p>\n<p><img loading=\"lazy\" decoding=\"async\" class=\"alignleft size-full wp-image-123\" title=\"Pfarrer Altmeyer\" src=\"http:\/\/www.warndtdom.de\/wp-content\/uploads\/altmeyer.jpg\" alt=\"\" width=\"150\" height=\"185\"\/><\/p>\n<p>&nbsp;<\/p>\n<p>Am 1. November 2010 wird Herr Patrik Altmeyer zum neuen Pfarrer f\u00fcr die &#8222;Weggemeinschaft Geislautern-Ludweiler-Lauterbach&#8220; ernannt.<\/p>\n<p>&nbsp;<\/p>\n<p>&nbsp;<\/p>\n<hr \/>\n<p><strong>2011<\/strong><\/p>\n<p>Ab dem 1. September 2011 geh\u00f6rt die Pfarrgemeinde St. Paulinus Lauterbach zur neu gegr\u00fcndeten &#8222;Pfarreiengemeinschaft Warndt&#8220; unter der Leitung von Pfarrer Patrik Altmeyer.<\/p>\n<p>Die Pfarreiengemeinschaft Warndt besteht aus den nachfolgenden Gemeinden:<\/p>\n<ul>\n<li>Herz Jesu, Ludweiler<\/li>\n<li>Maria Himmelfahrt, Geislautern<\/li>\n<li>St. Barbara, Emmersweiler<\/li>\n<li>St. Hedwig, Wehrden<\/li>\n<li>St. Josef, Wehrden<\/li>\n<li>St. Marien, Dorf im Warndt<\/li>\n<li>St. Paulinus, Lauterbach<\/li>\n<li>St. Wendalinus, Gro\u00dfrosseln<\/li>\n<\/ul>\n<hr \/>\n<p><strong>2016<\/strong><\/p>\n<p>Am 1. Januar 2016 wird die bisherige Pfarreiengemeinschaft Warndt mit Zustimmung des Bischofs Dr. Stephan Ackermann aufgel\u00f6st und die bisher acht eigenst\u00e4ndigen Kirchengemeinden werden zur neuen Pfarrei &#8222;Heilig Kreuz im Warndt&#8220; zusammengefasst. St. Paulinus Lauterbach ist nunmehr ein &#8222;Gemeindebezirk&#8220; der neuen Pfarrei.<\/p>\n<hr \/>\n<p><strong>2019<\/strong><\/p>\n<p><img loading=\"lazy\" decoding=\"async\" class=\"size-full wp-image-949 alignleft\" src=\"http:\/\/warndtdom.de\/wp-content\/uploads\/Heinz_Haser.jpg\" alt=\"\" width=\"100\" height=\"140\"\/>Pfarrer Heinz Haser wurde 1989 im Alter von 31 Jahren vom Trierer Bischof Dr. Hermann Josef Spital zum Priester geweiht. Seine Primiz feierte er in seiner Heimatgemeinde St. Paulinus Lauterbach.<br \/>Danach wurde er u.a. als Kaplan in K\u00f6llerbach, Vikar in Dillingen, Pfarrer in Nohfelden, Bous und Ensdorf eingesetzt. Ab 2004 war er als Dechant im Dekanat Saarlouis t\u00e4tig.<br \/>2018 wurde er durch Bischof Dr. Stephan Ackermann zum Kooperator im Dekanat V\u00f6lklingen, zum Rector ecclesiae der Klosterkirche Heilig Kreuz in P\u00fcttlingen und zum Dienst in der Pfarreiengemeinschaft Riegelsberg-K\u00f6llerbach berufen.<br \/>Pfarrer Heinz Haser verstarb nach schwerer Krankheit am 10.12.2019 im Kloster Heilig Kreuz P\u00fcttlingen. Am 18.12.2019 wurde er in seiner Heimatgemeinde St. Paulinus Lauterbach unter der Anwesenheit von Weihbischof Brahm und zahlreichen anderen G\u00e4sten mit einem feierlichen Requiem verabschiedet und anschlie\u00dfend auf dem naheliegenden Friedhof beigesetzt.<\/p>\n\n","protected":false},"excerpt":{"rendered":"<p>1707 Der Ort Lauterbach wird gegr\u00fcndet. Von der geographischen Lage der h\u00e4tten sich die ersten Lauterbacher, alle Katholiken, einer katholischen Pfarrei im Warndt anschlie\u00dfen m\u00fcssen. Jedoch der weitaus k\u00fcrzere Weg von einer halben Stunde war der Grund daf\u00fcr, die Katholiken &hellip; <a href=\"http:\/\/warndtdom.de\/?page_id=18\">Weiterlesen <span class=\"meta-nav\">&rarr;<\/span><\/a><\/p>\n","protected":false},"author":1,"featured_media":0,"parent":0,"menu_order":0,"comment_status":"closed","ping_status":"closed","template":"","meta":{"ngg_post_thumbnail":0,"footnotes":""},"class_list":["post-18","page","type-page","status-publish","hentry"],"_links":{"self":[{"href":"http:\/\/warndtdom.de\/index.php?rest_route=\/wp\/v2\/pages\/18","targetHints":{"allow":["GET"]}}],"collection":[{"href":"http:\/\/warndtdom.de\/index.php?rest_route=\/wp\/v2\/pages"}],"about":[{"href":"http:\/\/warndtdom.de\/index.php?rest_route=\/wp\/v2\/types\/page"}],"author":[{"embeddable":true,"href":"http:\/\/warndtdom.de\/index.php?rest_route=\/wp\/v2\/users\/1"}],"replies":[{"embeddable":true,"href":"http:\/\/warndtdom.de\/index.php?rest_route=%2Fwp%2Fv2%2Fcomments&post=18"}],"version-history":[{"count":28,"href":"http:\/\/warndtdom.de\/index.php?rest_route=\/wp\/v2\/pages\/18\/revisions"}],"predecessor-version":[{"id":955,"href":"http:\/\/warndtdom.de\/index.php?rest_route=\/wp\/v2\/pages\/18\/revisions\/955"}],"wp:attachment":[{"href":"http:\/\/warndtdom.de\/index.php?rest_route=%2Fwp%2Fv2%2Fmedia&parent=18"}],"curies":[{"name":"wp","href":"https:\/\/api.w.org\/{rel}","templated":true}]}}